{"id":1971,"date":"2014-07-08T18:47:26","date_gmt":"2014-07-08T16:47:26","guid":{"rendered":"http:\/\/portailsolidarites.fr\/grigny-koupela\/?page_id=1971"},"modified":"2014-07-08T18:47:26","modified_gmt":"2014-07-08T16:47:26","slug":"resacoop","status":"publish","type":"page","link":"http:\/\/portailsolidarites.fr\/Koupela\/liens-et-partenaires\/resacoop\/","title":{"rendered":"Resacoop"},"content":{"rendered":"<p><span class=\"st\"><em><strong>RESACOOP<\/strong><br \/>\n19 rue d&rsquo;Enghien<br \/>\n69002 LYON<br \/>\nT\u00e9l : +33 (0) 472 778 767<br \/>\nFax : +33 (0) 472 419 988<\/em><\/span><\/p>\n<p>Resacoop est un<strong> r\u00e9seau d&rsquo;appu<\/strong>i, d&rsquo;information, de concertation des organisations de Rh\u00f4ne-Alpes r\u00e9alisant<strong> des projets de coop\u00e9ration d\u00e9centralis\u00e9e.<\/strong><\/p>\n<p>*****************************************************<\/p>\n<p>Article de Resacoop sur les actions de notre comit\u00e9 ( juillet 2014)<br \/>\n<a class=\"moz-txt-link-freetext\" href=\"http:\/\/www.resacoop.org\/sites\/default\/files\/bulletin78.pdf\">http:\/\/www.resacoop.org\/sites\/default\/files\/bulletin78.pdf<\/a><\/p>\n","protected":false},"excerpt":{"rendered":"<p>RESACOOP 19 rue d&rsquo;Enghien 69002 LYON T\u00e9l : +33 (0) 472 778 767 Fax : +33 (0) 472 419 988 Resacoop est un r\u00e9seau d&rsquo;appui, d&rsquo;information, de concertation des organisations de Rh\u00f4ne-Alpes r\u00e9alisant des projets de coop\u00e9ration d\u00e9centralis\u00e9e. ***************************************************** Article &hellip; <a href=\"http:\/\/portailsolidarites.fr\/Koupela\/liens-et-partenaires\/resacoop\/\">Continuer la lecture <span class=\"meta-nav\">&rarr;<\/span><\/a><\/p>\n","protected":false},"author":2,"featured_media":0,"parent":1956,"menu_order":0,"comment_status":"open","ping_status":"open","template":"","meta":{"_uag_custom_page_level_css":"","footnotes":""},"class_list":["post-1971","page","type-page","status-publish","hentry"],"uagb_featured_image_src":{"full":false,"thumbnail":false,"medium":false,"medium_large":false,"large":false,"1536x1536":false,"2048x2048":false,"post-thumbnail":false},"uagb_author_info":{"display_name":"grigny-koupela","author_link":"http:\/\/portailsolidarites.fr\/Koupela\/author\/grigny-koupela\/"},"uagb_comment_info":0,"uagb_excerpt":"RESACOOP 19 rue d&rsquo;Enghien 69002 LYON T\u00e9l : +33 (0) 472 778 767 Fax : +33 (0) 472 419 988 Resacoop est un r\u00e9seau d&rsquo;appui, d&rsquo;information, de concertation des organisations de Rh\u00f4ne-Alpes r\u00e9alisant des projets de coop\u00e9ration d\u00e9centralis\u00e9e. ***************************************************** Article &hellip; Continuer la lecture &rarr;","_links":{"self":[{"href":"http:\/\/portailsolidarites.fr\/Koupela\/wp-json\/wp\/v2\/pages\/1971","targetHints":{"allow":["GET"]}}],"collection":[{"href":"http:\/\/portailsolidarites.fr\/Koupela\/wp-json\/wp\/v2\/pages"}],"about":[{"href":"http:\/\/portailsolidarites.fr\/Koupela\/wp-json\/wp\/v2\/types\/page"}],"author":[{"embeddable":true,"href":"http:\/\/portailsolidarites.fr\/Koupela\/wp-json\/wp\/v2\/users\/2"}],"replies":[{"embeddable":true,"href":"http:\/\/portailsolidarites.fr\/Koupela\/wp-json\/wp\/v2\/comments?post=1971"}],"version-history":[{"count":0,"href":"http:\/\/portailsolidarites.fr\/Koupela\/wp-json\/wp\/v2\/pages\/1971\/revisions"}],"up":[{"embeddable":true,"href":"http:\/\/portailsolidarites.fr\/Koupela\/wp-json\/wp\/v2\/pages\/1956"}],"wp:attachment":[{"href":"http:\/\/portailsolidarites.fr\/Koupela\/wp-json\/wp\/v2\/media?parent=1971"}],"curies":[{"name":"wp","href":"https:\/\/api.w.org\/{rel}","templated":true}]}}