{"id":1973,"date":"2014-07-08T18:48:01","date_gmt":"2014-07-08T16:48:01","guid":{"rendered":"http:\/\/portailsolidarites.fr\/grigny-koupela\/?page_id=1973"},"modified":"2014-07-08T18:48:01","modified_gmt":"2014-07-08T16:48:01","slug":"association-des-burkinabe-de-lyon","status":"publish","type":"page","link":"http:\/\/portailsolidarites.fr\/Koupela\/liens-et-partenaires\/association-des-burkinabe-de-lyon\/","title":{"rendered":"Association des Burkinab\u00e9 de Lyon"},"content":{"rendered":"<p style=\"text-align: justify\">L\u2019Association des Burkinab\u00e8 de Lyon (A.B.L) est une <strong>association socioculturelle, apolitique et \u00e0 but non lucratif<\/strong>, r\u00e9gie par la loi du 1er juillet 1901<strong>.<\/strong> Elle a \u00e9t\u00e9 cr\u00e9\u00e9e le 22 mai 2005 reconnue et rendue officielle par la pr\u00e9fecture de Lyon le 13 juin 2005 sous le r\u00e9c\u00e9piss\u00e9 num\u00e9ro W691060594 du 09\/06\/05.<\/p>\n<p style=\"text-align: justify\">Elle rassemble tout burkinab\u00e9 de toute cat\u00e9gorie socioprofessionnelle sans distinction aucune ainsi que les Rh\u00f4ne-alpins amis et sympathisants du Burkina.<\/p>\n<p>L\u2019Association des Burkinab\u00e8 de Lyon est domicili\u00e9e au Centre Culturel \u0152cum\u00e9nique (CCO) de Villeurbanne, au 39 rue Georges Courteline, 69100 Villeurbanne.<\/p>\n<h4 style=\"text-align: justify\"><strong>\u00a0<\/strong><strong>Site Internet\u00a0:<\/strong> http:\/\/www.abl.asso.fr<br \/>\n<strong>Adresse e-mail<\/strong>\u00a0: abllyon@yahoo.fr<\/h4>\n","protected":false},"excerpt":{"rendered":"<p>L\u2019Association des Burkinab\u00e8 de Lyon (A.B.L) est une association socioculturelle, apolitique et \u00e0 but non lucratif, r\u00e9gie par la loi du 1er juillet 1901. Elle a \u00e9t\u00e9 cr\u00e9\u00e9e le 22 mai 2005 reconnue et rendue officielle par la pr\u00e9fecture de &hellip; <a href=\"http:\/\/portailsolidarites.fr\/Koupela\/liens-et-partenaires\/association-des-burkinabe-de-lyon\/\">Continuer la lecture <span class=\"meta-nav\">&rarr;<\/span><\/a><\/p>\n","protected":false},"author":2,"featured_media":0,"parent":1956,"menu_order":2,"comment_status":"open","ping_status":"open","template":"","meta":{"_uag_custom_page_level_css":"","footnotes":""},"class_list":["post-1973","page","type-page","status-publish","hentry"],"uagb_featured_image_src":{"full":false,"thumbnail":false,"medium":false,"medium_large":false,"large":false,"1536x1536":false,"2048x2048":false,"post-thumbnail":false},"uagb_author_info":{"display_name":"grigny-koupela","author_link":"http:\/\/portailsolidarites.fr\/Koupela\/author\/grigny-koupela\/"},"uagb_comment_info":0,"uagb_excerpt":"L\u2019Association des Burkinab\u00e8 de Lyon (A.B.L) est une association socioculturelle, apolitique et \u00e0 but non lucratif, r\u00e9gie par la loi du 1er juillet 1901. Elle a \u00e9t\u00e9 cr\u00e9\u00e9e le 22 mai 2005 reconnue et rendue officielle par la pr\u00e9fecture de &hellip; Continuer la lecture &rarr;","_links":{"self":[{"href":"http:\/\/portailsolidarites.fr\/Koupela\/wp-json\/wp\/v2\/pages\/1973","targetHints":{"allow":["GET"]}}],"collection":[{"href":"http:\/\/portailsolidarites.fr\/Koupela\/wp-json\/wp\/v2\/pages"}],"about":[{"href":"http:\/\/portailsolidarites.fr\/Koupela\/wp-json\/wp\/v2\/types\/page"}],"author":[{"embeddable":true,"href":"http:\/\/portailsolidarites.fr\/Koupela\/wp-json\/wp\/v2\/users\/2"}],"replies":[{"embeddable":true,"href":"http:\/\/portailsolidarites.fr\/Koupela\/wp-json\/wp\/v2\/comments?post=1973"}],"version-history":[{"count":0,"href":"http:\/\/portailsolidarites.fr\/Koupela\/wp-json\/wp\/v2\/pages\/1973\/revisions"}],"up":[{"embeddable":true,"href":"http:\/\/portailsolidarites.fr\/Koupela\/wp-json\/wp\/v2\/pages\/1956"}],"wp:attachment":[{"href":"http:\/\/portailsolidarites.fr\/Koupela\/wp-json\/wp\/v2\/media?parent=1973"}],"curies":[{"name":"wp","href":"https:\/\/api.w.org\/{rel}","templated":true}]}}