{"id":1979,"date":"2014-07-08T18:50:11","date_gmt":"2014-07-08T16:50:11","guid":{"rendered":"http:\/\/portailsolidarites.fr\/grigny-koupela\/?page_id=1979"},"modified":"2014-07-08T18:50:11","modified_gmt":"2014-07-08T16:50:11","slug":"amities-mornant-sapouy","status":"publish","type":"page","link":"http:\/\/portailsolidarites.fr\/Koupela\/liens-et-partenaires\/amities-mornant-sapouy\/","title":{"rendered":"Amiti\u00e9s Mornant Sapouy"},"content":{"rendered":"<p><a class=\"entete_listing\" href=\"http:\/\/www.ville-mornant.fr\/association_AMITIES-MORNANT-SAPOUY\" target=\"_top\" rel=\"noopener\">AMITI\u00c9S MORNANT SAPOUY <\/a><\/p>\n<p><span class=\"texte\">L&rsquo;association \u00ab\u00a0Amiti\u00e9s Mornant Sapouy\u00a0\u00bb (AMS) a pour but de <strong>d\u00e9velopper les \u00e9changes et d&rsquo;enrichir les relations d&rsquo;amiti\u00e9<\/strong> entre les habitants de Mornant et ceux de la commune urbaine de<strong> Sapouy (Burkina Faso),<\/strong> de participer \u00e0 l&rsquo;am\u00e9lioration des conditions de vie des Sapouyens dans les domaines \u00e9conomiques, scolaires, sanitaires, culturels, associatifs, sportifs. d&rsquo;apporter son concours \u00e0 l&rsquo;animation du jumelage et \u00e0 la mise en \u0153uvre de la coop\u00e9ration d\u00e9centralis\u00e9e entre les deux communes, de concourir \u00e0 l&rsquo;enrichissement des relations d\u2019amiti\u00e9 et de solidarit\u00e9 avec une r\u00e9gion francophone d\u2019Afrique et de favoriser les \u00e9changes Nord-Sud. <\/span><br \/>\n<img decoding=\"async\" src=\"http:\/\/www.ville-mornant.fr\/photos_annuaire\/annuaire_23.jpg\" alt=\"\" \/><\/p>\n<table class=\"texte\" border=\"0\" width=\"100%\" cellspacing=\"0\" cellpadding=\"0\">\n<tbody>\n<tr>\n<td><b>Adresse<\/b> : Maison des Associations 14 rue Boiron<br \/>\n69440 MORNANT<br \/>\nTel : 04.78.44.11.76<br \/>\nEmail : <a href=\"mailto:contact@mornant-sapouy.org\" target=\"_blank\" rel=\"noopener\">contact@mornant-sapouy.org<\/a><\/td>\n<\/tr>\n<\/tbody>\n<\/table>\n","protected":false},"excerpt":{"rendered":"<p>AMITI\u00c9S MORNANT SAPOUY L&rsquo;association \u00ab\u00a0Amiti\u00e9s Mornant Sapouy\u00a0\u00bb (AMS) a pour but de d\u00e9velopper les \u00e9changes et d&rsquo;enrichir les relations d&rsquo;amiti\u00e9 entre les habitants de Mornant et ceux de la commune urbaine de Sapouy (Burkina Faso), de participer \u00e0 l&rsquo;am\u00e9lioration des &hellip; <a href=\"http:\/\/portailsolidarites.fr\/Koupela\/liens-et-partenaires\/amities-mornant-sapouy\/\">Continuer la lecture <span class=\"meta-nav\">&rarr;<\/span><\/a><\/p>\n","protected":false},"author":2,"featured_media":0,"parent":1956,"menu_order":5,"comment_status":"open","ping_status":"open","template":"","meta":{"_uag_custom_page_level_css":"","footnotes":""},"class_list":["post-1979","page","type-page","status-publish","hentry"],"uagb_featured_image_src":{"full":false,"thumbnail":false,"medium":false,"medium_large":false,"large":false,"1536x1536":false,"2048x2048":false,"post-thumbnail":false},"uagb_author_info":{"display_name":"grigny-koupela","author_link":"http:\/\/portailsolidarites.fr\/Koupela\/author\/grigny-koupela\/"},"uagb_comment_info":0,"uagb_excerpt":"AMITI\u00c9S MORNANT SAPOUY L&rsquo;association \u00ab\u00a0Amiti\u00e9s Mornant Sapouy\u00a0\u00bb (AMS) a pour but de d\u00e9velopper les \u00e9changes et d&rsquo;enrichir les relations d&rsquo;amiti\u00e9 entre les habitants de Mornant et ceux de la commune urbaine de Sapouy (Burkina Faso), de participer \u00e0 l&rsquo;am\u00e9lioration des &hellip; Continuer la lecture &rarr;","_links":{"self":[{"href":"http:\/\/portailsolidarites.fr\/Koupela\/wp-json\/wp\/v2\/pages\/1979","targetHints":{"allow":["GET"]}}],"collection":[{"href":"http:\/\/portailsolidarites.fr\/Koupela\/wp-json\/wp\/v2\/pages"}],"about":[{"href":"http:\/\/portailsolidarites.fr\/Koupela\/wp-json\/wp\/v2\/types\/page"}],"author":[{"embeddable":true,"href":"http:\/\/portailsolidarites.fr\/Koupela\/wp-json\/wp\/v2\/users\/2"}],"replies":[{"embeddable":true,"href":"http:\/\/portailsolidarites.fr\/Koupela\/wp-json\/wp\/v2\/comments?post=1979"}],"version-history":[{"count":0,"href":"http:\/\/portailsolidarites.fr\/Koupela\/wp-json\/wp\/v2\/pages\/1979\/revisions"}],"up":[{"embeddable":true,"href":"http:\/\/portailsolidarites.fr\/Koupela\/wp-json\/wp\/v2\/pages\/1956"}],"wp:attachment":[{"href":"http:\/\/portailsolidarites.fr\/Koupela\/wp-json\/wp\/v2\/media?parent=1979"}],"curies":[{"name":"wp","href":"https:\/\/api.w.org\/{rel}","templated":true}]}}