{"id":958,"date":"2012-10-19T10:58:37","date_gmt":"2012-10-19T08:58:37","guid":{"rendered":"http:\/\/portailsolidarites.fr\/grigny-koupela\/?page_id=958"},"modified":"2012-10-19T10:58:37","modified_gmt":"2012-10-19T08:58:37","slug":"presentation","status":"publish","type":"page","link":"http:\/\/portailsolidarites.fr\/Koupela\/presentation\/","title":{"rendered":"Notre association"},"content":{"rendered":"<p><strong>Pr\u00e9sentation du jumelage GRIGNY-KOUPELA<\/strong><\/p>\n<p><strong><span style=\"color: #ff6600\">Qui sommes-nous ?<\/span><\/strong><span style=\"color: #ff6600\"><strong><a href=\"http:\/\/portailsolidarites.fr\/Koupela\/wp-content\/uploads\/2011\/02\/bloggif_4d525679c95ba.gif\"><img loading=\"lazy\" decoding=\"async\" class=\"aligncenter size-full wp-image-394\" src=\"http:\/\/portailsolidarites.fr\/Koupela\/wp-content\/uploads\/2011\/02\/bloggif_4d525679c95ba.gif\" alt=\"\" width=\"281\" height=\"281\" \/><\/a><\/strong><\/span><\/p>\n<p>Le comit\u00e9 de jumelage Grigny-Koup\u00e9la est une <strong>association loi 1901.<\/strong> Son Conseil d&rsquo;Administration est compos\u00e9 d&rsquo;\u00e9lus, de repr\u00e9sentants d&rsquo;associations ou d&rsquo;\u00e9tablissements scolaires de Grigny et de membres \u00e9lus lors d&rsquo;une Assembl\u00e9e G\u00e9n\u00e9rale annuelle ouverte \u00e0 tous.. Un bureau coordonne ses activit\u00e9s.<br \/>\nDans le cadre de la coop\u00e9ration d\u00e9centralis\u00e9e, le comit\u00e9 de jumelage a re\u00e7u, de la part de la municipalit\u00e9 de Grigny, une <strong>d\u00e9l\u00e9gation de gestion<\/strong> du jumelage avec la ville de Koup\u00e9la ( Burkina-Faso).<\/p>\n<p><strong><span style=\"color: #ff6600\">No<\/span><span style=\"color: #ff6600\">s objectifs :<\/span><\/strong><\/p>\n<p>&#8211;<strong> Aider au d\u00e9veloppement<\/strong> de la ville de Koup\u00e9la et participer \u00e0 l&rsquo;am\u00e9lioration des conditions de vie de ses habitants.<br \/>\n&#8211;<strong> D\u00e9velopper les relations d&rsquo;amiti\u00e9<\/strong> et de solidarit\u00e9 entre les populations de Grigny et de Koup\u00e9la.<br \/>\n&#8211;<strong> D\u00e9velopper les \u00e9changes<\/strong> entre \u00e9tablissements scolaires des deux villes.<br \/>\n&#8211;<strong> Ouvrir largement le comit\u00e9<\/strong> de jumelage aux jeunes, aux associations et aux citoyens qui le d\u00e9sirent.<br \/>\n&#8211;<strong> Lutter contre les pr\u00e9jug\u00e9s<\/strong> vis \u00e0 vis de l&rsquo;Afrique, en mettant en valeur les diff\u00e9rents aspects d&rsquo;une civilisation qui tire sa richesse, notamment, des talents et savoir-faire de ses habitants.<\/p>\n<p><strong><span style=\"color: #ff6600\">Historique d&rsquo;une aventure qui s&rsquo;inscrit dans la dur\u00e9e <\/span><br \/>\n<\/strong><\/p>\n<div style=\"width: 310px\" class=\"wp-caption alignnone\"><a href=\"http:\/\/portailsolidarites.fr\/grigny-koupela\/files\/2012\/10\/Mission-Koupela-janvier-2009-588.jpg\"><img loading=\"lazy\" decoding=\"async\" src=\"http:\/\/portailsolidarites.fr\/grigny-koupela\/files\/2012\/10\/Mission-Koupela-janvier-2009-588-300x225.jpg\" alt=\"\" width=\"300\" height=\"225\" \/><\/a><p class=\"wp-caption-text\">Le local du comit\u00e9 de jumelage<br \/>\u00e0 Koup\u00e9la<\/p><\/div>\n<p><strong>C&rsquo;est en 1986<\/strong> que d\u00e9butent les relations entre Grigny et Koup\u00e9la, par un<strong> premier\u00a0 jumelage<\/strong> entre le coll\u00e8ge Emile Malfroy et le lyc\u00e9e Kourita de Koup\u00e9la, dans le cadre d&rsquo;un partenariat Nord-Sud.<br \/>\nEchange \u00e9pistolaire ( envoi de dossiers sur des sujets les plus divers), construction et approvisionnement d&rsquo;une biblioth\u00e8que au lyc\u00e9e Kourita, construction d&rsquo;une case africaine au lyc\u00e9e Emile Malfroy, symbole de l&rsquo;amiti\u00e9 entre les deux \u00e9tablissements, rencontres d&rsquo;\u00e9l\u00e8ves lors de deux voyages, \u00e9dition d&rsquo;un journal et ouverture d&rsquo;un club \u00ab\u00a0Nord-Sud\u00a0\u00bb&#8230;Tels ont \u00e9t\u00e9 les premiers faits majeurs de cette exp\u00e9rience d&rsquo;\u00e9ducation des \u00e9l\u00e8ves au d\u00e9veloppement des relations Nord-Sud.<br \/>\nAujourd&rsquo;hui, le<strong><span style=\"color: #ff6600\"> cross annuel de la solidarit\u00e9<\/span>,<\/strong> organis\u00e9 par le coll\u00e8ge Emile Malfroy,\u00a0 peut \u00eatre consid\u00e9r\u00e9 comme l&rsquo;une des trois activit\u00e9s principales\u00a0 du comit\u00e9 de jumelage<strong>.<\/strong><strong><br \/>\nEn 1995<\/strong>, la ville de Koup\u00e9la demande un jumelage officiel<strong>\u00a0 <\/strong>avec celle de Grigny.<strong><br \/>\nC&rsquo;est ainsi qu&rsquo;en 1996<\/strong> le comit\u00e9 de jumelage Grigny-Koup\u00e9la voit le jour. Il re\u00e7oit, d\u00e8s lors, une<strong> subvention municipale annuelle,<\/strong> int\u00e9gralement utilis\u00e9e pour financer des projets de d\u00e9veloppement \u00e0 Koup\u00e9la. Pour trouver d&rsquo;autres sources de financement, le comit\u00e9 de jumelage organise, annuellement, diverses manifestations <strong>:<\/strong> le<strong><span style=\"color: #ff6600\"> salon<\/span> <span style=\"color: #ff6600\">des vins et de l&rsquo;\u00e9tiquette<\/span><\/strong>( dernier week-end de novembre, depuis 1997), et<span style=\"color: #ff6600\"><strong>\u00a0 <\/strong><\/span><strong><span style=\"color: #ff6600\">\u00ab\u00a0Couleurs d&rsquo;Afrique\u00a0\u00bb<\/span><\/strong> ( en mars) pour promouvoir les diff\u00e9rents aspects de la culture africaine.<del> <\/del><strong><br \/>\nEn 1999,<\/strong> une d\u00e9l\u00e9gation grignerote se rend \u00e0 Koup\u00e9la : c&rsquo;est l&rsquo;occasion pour les deux villes, d&rsquo;officialiser leurs relations, dans le cadre de la coop\u00e9ration d\u00e9centralis\u00e9e. L&rsquo;ann\u00e9e suivante, c&rsquo;est \u00e0 Grigny d&rsquo;accueillir une d\u00e9l\u00e9gation de Koup\u00e9la.<br \/>\n<strong>En 2003<\/strong>, la ville de Koup\u00e9la se dote d&rsquo;un<em> \u00ab\u00a0Plan Communal de d\u00e9veloppement\u00a0\u00bb <\/em>financ\u00e9 par sa ville jumelle. Une mani\u00e8re d&rsquo;inscrire ce projet dans la dur\u00e9e.<\/p>\n<p>Durant toutes ces ann\u00e9es, les deux partenaires ont multipli\u00e9 les \u00e9changes par l&rsquo;envoi r\u00e9gulier de d\u00e9l\u00e9gations. Gommant les distances, ils\u00a0 ont ainsi appris \u00e0 mieux communiquer, \u00e0 mieux se conna\u00eetre, \u00e0 organiser ensemble divers projets de d\u00e9veloppement \u00e0 Koup\u00e9la.<br \/>\nParmi les derni\u00e8res rencontres, nous retiendrons celles de<strong> janvier\u00a0 2009<\/strong>, \u00e0 Koup\u00e9la, et de<strong> juin 2010,<\/strong> \u00e0 Grigny, pour f\u00eater le dixi\u00e8me anniversaire du jumelage.<\/p>\n<div id=\"attachment_976\" style=\"width: 310px\" class=\"wp-caption alignleft\"><a href=\"http:\/\/portailsolidarites.fr\/Koupela\/wp-content\/uploads\/2012\/10\/Mission-Koupela-janvier-2009-089.jpg\"><img loading=\"lazy\" decoding=\"async\" aria-describedby=\"caption-attachment-976\" class=\"size-medium wp-image-976\" src=\"http:\/\/portailsolidarites.fr\/Koupela\/wp-content\/uploads\/2012\/10\/Mission-Koupela-janvier-2009-089-300x225.jpg\" alt=\"\" width=\"300\" height=\"225\" srcset=\"http:\/\/portailsolidarites.fr\/Koupela\/wp-content\/uploads\/2012\/10\/Mission-Koupela-janvier-2009-089-300x225.jpg 300w, http:\/\/portailsolidarites.fr\/Koupela\/wp-content\/uploads\/2012\/10\/Mission-Koupela-janvier-2009-089.jpg 480w\" sizes=\"auto, (max-width: 300px) 100vw, 300px\" \/><\/a><p id=\"caption-attachment-976\" class=\"wp-caption-text\">Le comit\u00e9 d&rsquo;accueil des jeunes de Koup\u00e9la<\/p><\/div>\n<p>L&rsquo;occasion de faire un premier bilan apr\u00e8s toutes ces\u00a0 ann\u00e9es d&rsquo;\u00e9changes et de jeter les bases d&rsquo;une nouvelle \u00e9tape de d\u00e9veloppement en faisant porter la r\u00e9flexion et les discussions:<br \/>\n&#8211;<strong> sur les valeurs<\/strong> qui animent le jumelage-coop\u00e9ration, le sens de l&rsquo;engagement de chacun, les probl\u00e8mes interculturels qui peuvent surgir entre deux partenaires, entre nord et sud.<br \/>\n&#8211; <strong>sur les nouvelles relations<\/strong> entre populations et associations des deux villes et sur la mise en oeuvre d&rsquo;activit\u00e9s culturelles et artistiques susceptibles de renforcer la coop\u00e9ration entre les deux villes par l&rsquo;expression de la dimension humaine.<br \/>\nDes r\u00e9flexions illustr\u00e9es, notamment, par le s\u00e9jour, \u00e0 Koup\u00e9la, d&rsquo;un groupe\u00a0 de jeunes Grignerots, en ao\u00fbt 2009. Avec, pour r\u00e9sultat, un bel exemple de ce que peuvent entreprendre des jeunes motiv\u00e9s par une campagne de sensibilisation \u00e0 la propret\u00e9 des habitants de Koup\u00e9la.<\/p>\n<div id=\"attachment_987\" style=\"width: 210px\" class=\"wp-caption alignleft\"><a href=\"http:\/\/portailsolidarites.fr\/Koupela\/wp-content\/uploads\/2012\/10\/DSCF4360.jpg\"><img loading=\"lazy\" decoding=\"async\" aria-describedby=\"caption-attachment-987\" class=\"size-full wp-image-987\" src=\"http:\/\/portailsolidarites.fr\/Koupela\/wp-content\/uploads\/2012\/10\/DSCF4360.jpg\" alt=\"\" width=\"200\" height=\"150\" \/><\/a><p id=\"caption-attachment-987\" class=\"wp-caption-text\">Campagne pour la propret\u00e9<\/p><\/div>\n<div id=\"attachment_988\" style=\"width: 210px\" class=\"wp-caption alignright\"><a href=\"http:\/\/portailsolidarites.fr\/grigny-koupela\/files\/2012\/10\/DSCF4043.jpg\"><img loading=\"lazy\" decoding=\"async\" aria-describedby=\"caption-attachment-988\" class=\"size-full wp-image-988\" src=\"http:\/\/portailsolidarites.fr\/grigny-koupela\/files\/2012\/10\/DSCF4043.jpg\" alt=\"\" width=\"200\" height=\"150\" \/><\/a><p id=\"caption-attachment-988\" class=\"wp-caption-text\">Des poubelles pour Koup\u00e9la<br \/>Le passage \u00e0 l&rsquo;acte<\/p><\/div>\n<p>&#8211;<strong> sur l&rsquo;\u00e9laboration d&rsquo;un plan pluriannuel<\/strong>( trois ans) de d\u00e9veloppement et sur le choix de projets en direction de la population de Koup\u00e9la avec recherche de financements ext\u00e9rieurs.<\/p>\n<p><strong><span style=\"color: #ff6600\">La ville de Grigny<\/span><\/strong><\/p>\n<div id=\"attachment_978\" style=\"width: 310px\" class=\"wp-caption alignright\"><a href=\"http:\/\/portailsolidarites.fr\/Koupela\/wp-content\/uploads\/2012\/10\/vue-aerienne-rhione.jpg\"><img loading=\"lazy\" decoding=\"async\" aria-describedby=\"caption-attachment-978\" class=\"size-medium wp-image-978\" src=\"http:\/\/portailsolidarites.fr\/Koupela\/wp-content\/uploads\/2012\/10\/vue-aerienne-rhione-300x195.jpg\" alt=\"\" width=\"300\" height=\"195\" srcset=\"http:\/\/portailsolidarites.fr\/Koupela\/wp-content\/uploads\/2012\/10\/vue-aerienne-rhione-300x195.jpg 300w, http:\/\/portailsolidarites.fr\/Koupela\/wp-content\/uploads\/2012\/10\/vue-aerienne-rhione.jpg 480w\" sizes=\"auto, (max-width: 300px) 100vw, 300px\" \/><\/a><p id=\"caption-attachment-978\" class=\"wp-caption-text\">Grigny<\/p><\/div>\n<p>Situ\u00e9e sur la rive droite du Rh\u00f4ne, au confluent avec le Gier, \u00e0 20 km au sud de Lyon, Grigny compte plus de 9000 habitants. Autrefois ville ferroviaire (gare de triage de Badan) et industrielle ( fabriques de porcelaine et de fa\u0129ence, m\u00e9canique&#8230;), Grigny a int\u00e9gr\u00e9 le Grand Lyon en m\u00eame temps que sa jumelle Givors et vit dans l&rsquo;orbite de la m\u00e9tropole lyonnaise.<br \/>\nCes derni\u00e8res ann\u00e9es, le tissu urbain de la ville s&rsquo;est densifi\u00e9 et \u00e9quilibr\u00e9 sociologiquement par la construction de lotissements et d&rsquo;immeubles en copropri\u00e9t\u00e9.<br \/>\n42% de son territoire sont constitu\u00e9s d&rsquo;espaces verts, ce qui lui donne un aspect de \u00a0\u00bb ville \u00e0 la campagne\u00a0\u00bb. Les parcs du Manoir et de la Mairie ainsi que les bords du Rh\u00f4ne donnent \u00e0 la ville ce suppl\u00e9ment d&rsquo;\u00e2me que recherchent bon nombre de citoyens.<\/p>\n<p><strong><span style=\"color: #ff6600\">La ville de Koup\u00e9la<\/span><br \/>\n<\/strong><\/p>\n<p>Situ\u00e9e dans la partie orientale du Burkina-Faso, \u00e0 140 km de la capitale Ouagadougou, la ville de Koup\u00e9la compte quelque 25000 habitants. En r\u00e9alit\u00e9, depuis la nouvelle organisation r\u00e9gionale et la r\u00e9union de 39 villages autour de Koup\u00e9la, c&rsquo;est\u00a0 plus de 50000 \u00e2mes que compte la commune.<a href=\"http:\/\/portailsolidarites.fr\/grigny-koupela\/files\/2012\/10\/Rond-pointrue-centrale.jpg\"><img loading=\"lazy\" decoding=\"async\" class=\"aligncenter size-medium wp-image-979\" src=\"http:\/\/portailsolidarites.fr\/grigny-koupela\/files\/2012\/10\/Rond-pointrue-centrale-300x225.jpg\" alt=\"\" width=\"300\" height=\"225\" \/><\/a><br \/>\nA Koup\u00e9la, on est \u00e0<strong>\u00a0<span style=\"color: #ff6600\">un carrefour important<\/span><\/strong> de routes vers le Mali, le Niger, le Togo et le B\u00e9nin.<br \/>\n<strong>Le climat<\/strong>est de type soudanien, avec deux saisons bien distinctes: une courte saison pluvieuse de mai \u00e0 septembre et une longue saison s\u00e8che d&rsquo;octobre \u00e0 avril, balay\u00e9e par les vents d&rsquo;est charg\u00e9s de poussi\u00e8res, ou harmattan. Les temp\u00e9ratures sont tropicales, pouvant monter de 15\u00b0\u00a0 \u00e0 plus de 40\u00b0C en avril-mai.<br \/>\n<strong>La v\u00e9g\u00e9tation<\/strong> est la savane arbor\u00e9e : eucalyptus, neems, acacias, r\u00f4niers, karit\u00e9s&#8230; sans oublier les c\u00e9l\u00e8bres baobabs. Les arbres fruitiers sont surtout des goyaviers, manguiers et papay.<\/p>\n<p>Koup\u00e9la est un<strong> grand centre tertiaire<\/strong> qui r\u00e9unit toutes les administrations de la Province. Son activit\u00e9 commerciale est tr\u00e8s importante, avec un march\u00e9 journalier et le passage\u00a0 des camions vers les pays limitrophes.<br \/>\n<strong>L&rsquo;activit\u00e9 agricole<\/strong> occupe la majorit\u00e9 des habitants et l&rsquo;\u00e9levage ( bovin, ovin et porcin) conna\u00eet une prosp\u00e9rit\u00e9 remarquable notamment par l&rsquo;exportation vers les pays voisins.<\/p>\n<p><strong>Le dioc\u00e8se de Koup\u00e9la<\/strong> est jumel\u00e9 avec celui de Lyon, l&rsquo;installation des premiers missionnaires catholiques \u00e0 Koup\u00e9la remontant \u00e0 l&rsquo;ann\u00e9e 1900.<\/p>\n<p><strong><br \/>\n<\/strong><\/p>\n","protected":false},"excerpt":{"rendered":"<p>Pr\u00e9sentation du jumelage GRIGNY-KOUPELA Qui sommes-nous ? Le comit\u00e9 de jumelage Grigny-Koup\u00e9la est une association loi 1901. Son Conseil d&rsquo;Administration est compos\u00e9 d&rsquo;\u00e9lus, de repr\u00e9sentants d&rsquo;associations ou d&rsquo;\u00e9tablissements scolaires de Grigny et de membres \u00e9lus lors d&rsquo;une Assembl\u00e9e G\u00e9n\u00e9rale annuelle &hellip; <a href=\"http:\/\/portailsolidarites.fr\/Koupela\/presentation\/\">Continuer la lecture <span class=\"meta-nav\">&rarr;<\/span><\/a><\/p>\n","protected":false},"author":2,"featured_media":0,"parent":0,"menu_order":0,"comment_status":"open","ping_status":"open","template":"","meta":{"_uag_custom_page_level_css":"","footnotes":""},"class_list":["post-958","page","type-page","status-publish","hentry"],"uagb_featured_image_src":{"full":false,"thumbnail":false,"medium":false,"medium_large":false,"large":false,"1536x1536":false,"2048x2048":false,"post-thumbnail":false},"uagb_author_info":{"display_name":"grigny-koupela","author_link":"http:\/\/portailsolidarites.fr\/Koupela\/author\/grigny-koupela\/"},"uagb_comment_info":0,"uagb_excerpt":"Pr\u00e9sentation du jumelage GRIGNY-KOUPELA Qui sommes-nous ? Le comit\u00e9 de jumelage Grigny-Koup\u00e9la est une association loi 1901. Son Conseil d&rsquo;Administration est compos\u00e9 d&rsquo;\u00e9lus, de repr\u00e9sentants d&rsquo;associations ou d&rsquo;\u00e9tablissements scolaires de Grigny et de membres \u00e9lus lors d&rsquo;une Assembl\u00e9e G\u00e9n\u00e9rale annuelle &hellip; Continuer la lecture &rarr;","_links":{"self":[{"href":"http:\/\/portailsolidarites.fr\/Koupela\/wp-json\/wp\/v2\/pages\/958","targetHints":{"allow":["GET"]}}],"collection":[{"href":"http:\/\/portailsolidarites.fr\/Koupela\/wp-json\/wp\/v2\/pages"}],"about":[{"href":"http:\/\/portailsolidarites.fr\/Koupela\/wp-json\/wp\/v2\/types\/page"}],"author":[{"embeddable":true,"href":"http:\/\/portailsolidarites.fr\/Koupela\/wp-json\/wp\/v2\/users\/2"}],"replies":[{"embeddable":true,"href":"http:\/\/portailsolidarites.fr\/Koupela\/wp-json\/wp\/v2\/comments?post=958"}],"version-history":[{"count":0,"href":"http:\/\/portailsolidarites.fr\/Koupela\/wp-json\/wp\/v2\/pages\/958\/revisions"}],"wp:attachment":[{"href":"http:\/\/portailsolidarites.fr\/Koupela\/wp-json\/wp\/v2\/media?parent=958"}],"curies":[{"name":"wp","href":"https:\/\/api.w.org\/{rel}","templated":true}]}}