{"id":1231,"date":"2012-06-10T17:47:34","date_gmt":"2012-06-10T15:47:34","guid":{"rendered":"http:\/\/portailsolidarites.fr\/amicalelaiquegrigny\/?page_id=1231"},"modified":"2026-02-08T19:05:20","modified_gmt":"2026-02-08T18:05:20","slug":"infos-sections","status":"publish","type":"page","link":"https:\/\/portailsolidarites.fr\/Amicale\/infos-sections\/","title":{"rendered":"Infos adh\u00e9rents"},"content":{"rendered":"<p style=\"text-align: center;\"><strong>voir par ailleurs : \u00a0<a href=\"http:\/\/portailsolidarites.fr\/amicalelaiquegrigny\/actualites\/prochaines-manifestations-2\/\">Prochaines manifestations<\/a><\/strong><\/p>\n<h2><a href=\"https:\/\/portailsolidarites.fr\/Amicale\/2026\/01\/31\/bourse-aux-mineraux-28-et-29-mars-2026\/\"><strong><em>28 et 29 mars 2026: Bourse aux min\u00e9raux<\/em><\/strong><\/a><\/h2>\n<p>___________________________________________________________<\/p>\n<p>___________________________________________________________<\/p>\n<p><span style=\"color: #000000;\">L&rsquo;Amicale La\u00efque\u00a0 avait pr\u00e9vu de f\u00eater ses <strong>100 ans<\/strong> les <strong>20, 21 et 23 novembre 2020,<br \/>\n<\/strong>avec, en particulier une soir\u00e9e <strong>Spectacle + repas + bal<\/strong> le samedi soir (21 novembre)<\/span><\/p>\n<p>En raison de la pand\u00e9mie de Covid 19, cette manifestation a \u00e9t\u00e9 report\u00e9e en 2021, puis 2022.<br \/>\n<em><span style=\"color: #0000ff;\"><strong>Elle a finalement eu lieu au mois de juin 2022 au bord du Rh\u00f4ne .<br \/>\n<\/strong><\/span><\/em><\/p>\n","protected":false},"excerpt":{"rendered":"<p>voir par ailleurs : \u00a0Prochaines manifestations 28 et 29 mars 2026: Bourse aux min\u00e9raux ___________________________________________________________ ___________________________________________________________ L&rsquo;Amicale La\u00efque\u00a0 avait pr\u00e9vu de f\u00eater ses 100 ans les 20, 21 et 23 novembre 2020, avec, en particulier une soir\u00e9e Spectacle + repas &hellip; <a href=\"https:\/\/portailsolidarites.fr\/Amicale\/infos-sections\/\">Continuer la lecture <span class=\"meta-nav\">&rarr;<\/span><\/a><\/p>\n","protected":false},"author":2,"featured_media":0,"parent":0,"menu_order":4,"comment_status":"open","ping_status":"open","template":"","meta":{"_uag_custom_page_level_css":"","footnotes":""},"class_list":["post-1231","page","type-page","status-publish","hentry"],"uagb_featured_image_src":{"full":false,"thumbnail":false,"medium":false,"medium_large":false,"large":false,"1536x1536":false,"2048x2048":false,"post-thumbnail":false},"uagb_author_info":{"display_name":"amicalelaiquegrigny","author_link":"https:\/\/portailsolidarites.fr\/Amicale\/author\/amicalelaiquegrigny\/"},"uagb_comment_info":0,"uagb_excerpt":"voir par ailleurs : \u00a0Prochaines manifestations 28 et 29 mars 2026: Bourse aux min\u00e9raux ___________________________________________________________ ___________________________________________________________ L&rsquo;Amicale La\u00efque\u00a0 avait pr\u00e9vu de f\u00eater ses 100 ans les 20, 21 et 23 novembre 2020, avec, en particulier une soir\u00e9e Spectacle + repas &hellip; Continuer la lecture &rarr;","_links":{"self":[{"href":"https:\/\/portailsolidarites.fr\/Amicale\/wp-json\/wp\/v2\/pages\/1231","targetHints":{"allow":["GET"]}}],"collection":[{"href":"https:\/\/portailsolidarites.fr\/Amicale\/wp-json\/wp\/v2\/pages"}],"about":[{"href":"https:\/\/portailsolidarites.fr\/Amicale\/wp-json\/wp\/v2\/types\/page"}],"author":[{"embeddable":true,"href":"https:\/\/portailsolidarites.fr\/Amicale\/wp-json\/wp\/v2\/users\/2"}],"replies":[{"embeddable":true,"href":"https:\/\/portailsolidarites.fr\/Amicale\/wp-json\/wp\/v2\/comments?post=1231"}],"version-history":[{"count":5,"href":"https:\/\/portailsolidarites.fr\/Amicale\/wp-json\/wp\/v2\/pages\/1231\/revisions"}],"predecessor-version":[{"id":3968,"href":"https:\/\/portailsolidarites.fr\/Amicale\/wp-json\/wp\/v2\/pages\/1231\/revisions\/3968"}],"wp:attachment":[{"href":"https:\/\/portailsolidarites.fr\/Amicale\/wp-json\/wp\/v2\/media?parent=1231"}],"curies":[{"name":"wp","href":"https:\/\/api.w.org\/{rel}","templated":true}]}}