{"id":1738,"date":"2013-09-11T16:03:33","date_gmt":"2013-09-11T14:03:33","guid":{"rendered":"http:\/\/portailsolidarites.fr\/amicalelaiquegrigny\/?page_id=1738"},"modified":"2013-09-11T16:03:33","modified_gmt":"2013-09-11T14:03:33","slug":"arts-plastiques-enfants","status":"publish","type":"page","link":"https:\/\/portailsolidarites.fr\/Amicale\/activites\/arts-plastiques-enfants\/","title":{"rendered":"Loisirs cr\u00e9atifs Enfants"},"content":{"rendered":"<p>&nbsp;<\/p>\n<p><a href=\"http:\/\/portailsolidarites.fr\/amicalelaiquegrigny\/files\/2013\/09\/art-plast-enfant-logo.jpg\"><img loading=\"lazy\" decoding=\"async\" class=\"aligncenter wp-image-2458\" src=\"http:\/\/portailsolidarites.fr\/amicalelaiquegrigny\/files\/2013\/09\/art-plast-enfant-logo.jpg\" alt=\"art plast enfant logo\" width=\"150\" height=\"150\" \/><\/a><\/p>\n<h2><span style=\"text-decoration: underline;\"><em><span style=\"color: #0000ff; text-decoration: underline;\">Cette section a cess\u00e9 ses activit\u00e9s en 2021<\/span><\/em><\/span><\/h2>\n<p><a href=\"http:\/\/portailsolidarites.fr\/amicalelaiquegrigny\/files\/2012\/03\/001-peintre-enfant.gif\"><img loading=\"lazy\" decoding=\"async\" class=\"aligncenter\" src=\"http:\/\/portailsolidarites.fr\/amicalelaiquegrigny\/files\/2012\/03\/001-peintre-enfant.gif\" alt=\"\" width=\"185\" height=\"200\" \/><\/a><\/p>\n<p style=\"text-align: center;\">No\u00ebl 2015<a href=\"http:\/\/portailsolidarites.fr\/amicalelaiquegrigny\/files\/2013\/09\/aurore-noel-art-plastiq-2015-1.jpg\" rel=\"attachment wp-att-2881\"><img loading=\"lazy\" decoding=\"async\" class=\"alignleft size-full wp-image-2881\" src=\"http:\/\/portailsolidarites.fr\/amicalelaiquegrigny\/files\/2013\/09\/aurore-noel-art-plastiq-2015-1.jpg\" alt=\"aurore noel art plastiq 2015\" width=\"2339\" height=\"1654\" \/><\/a><\/p>\n<p style=\"text-align: center;\">No\u00ebl 2012<a href=\"http:\/\/portailsolidarites.fr\/amicalelaiquegrigny\/files\/2013\/09\/noel-art-plastik-enfant-2012.jpg\"><img loading=\"lazy\" decoding=\"async\" class=\"aligncenter wp-image-2459\" src=\"http:\/\/portailsolidarites.fr\/amicalelaiquegrigny\/files\/2013\/09\/noel-art-plastik-enfant-2012.jpg\" alt=\"noel art plastik enfant 2012\" width=\"523\" height=\"385\" \/><\/a><\/p>\n<p style=\"text-align: center;\">La section Arts Plastiques Enfants \u00e0 l\u2019exposition de 2011<\/p>\n<p><a href=\"http:\/\/portailsolidarites.fr\/amicalelaiquegrigny\/files\/2012\/03\/Arts-Plastiques-Enfants.jpg\"><img loading=\"lazy\" decoding=\"async\" class=\"aligncenter\" src=\"http:\/\/portailsolidarites.fr\/amicalelaiquegrigny\/files\/2012\/03\/Arts-Plastiques-Enfants-300x225.jpg\" alt=\"\" width=\"300\" height=\"225\" \/><\/a><\/p>\n<p>&nbsp;<\/p>\n","protected":false},"excerpt":{"rendered":"<p>&nbsp; Cette section a cess\u00e9 ses activit\u00e9s en 2021 No\u00ebl 2015 No\u00ebl 2012 La section Arts Plastiques Enfants \u00e0 l\u2019exposition de 2011 &nbsp;<\/p>\n","protected":false},"author":2,"featured_media":0,"parent":463,"menu_order":1,"comment_status":"open","ping_status":"open","template":"","meta":{"_uag_custom_page_level_css":"","footnotes":""},"class_list":["post-1738","page","type-page","status-publish","hentry"],"uagb_featured_image_src":{"full":false,"thumbnail":false,"medium":false,"medium_large":false,"large":false,"1536x1536":false,"2048x2048":false,"post-thumbnail":false},"uagb_author_info":{"display_name":"amicalelaiquegrigny","author_link":"https:\/\/portailsolidarites.fr\/Amicale\/author\/amicalelaiquegrigny\/"},"uagb_comment_info":0,"uagb_excerpt":"&nbsp; Cette section a cess\u00e9 ses activit\u00e9s en 2021 No\u00ebl 2015 No\u00ebl 2012 La section Arts Plastiques Enfants \u00e0 l\u2019exposition de 2011 &nbsp;","_links":{"self":[{"href":"https:\/\/portailsolidarites.fr\/Amicale\/wp-json\/wp\/v2\/pages\/1738","targetHints":{"allow":["GET"]}}],"collection":[{"href":"https:\/\/portailsolidarites.fr\/Amicale\/wp-json\/wp\/v2\/pages"}],"about":[{"href":"https:\/\/portailsolidarites.fr\/Amicale\/wp-json\/wp\/v2\/types\/page"}],"author":[{"embeddable":true,"href":"https:\/\/portailsolidarites.fr\/Amicale\/wp-json\/wp\/v2\/users\/2"}],"replies":[{"embeddable":true,"href":"https:\/\/portailsolidarites.fr\/Amicale\/wp-json\/wp\/v2\/comments?post=1738"}],"version-history":[{"count":0,"href":"https:\/\/portailsolidarites.fr\/Amicale\/wp-json\/wp\/v2\/pages\/1738\/revisions"}],"up":[{"embeddable":true,"href":"https:\/\/portailsolidarites.fr\/Amicale\/wp-json\/wp\/v2\/pages\/463"}],"wp:attachment":[{"href":"https:\/\/portailsolidarites.fr\/Amicale\/wp-json\/wp\/v2\/media?parent=1738"}],"curies":[{"name":"wp","href":"https:\/\/api.w.org\/{rel}","templated":true}]}}