{"id":1928,"date":"2013-11-18T22:54:17","date_gmt":"2013-11-18T20:54:17","guid":{"rendered":"http:\/\/portailsolidarites.fr\/amicalelaiquegrigny\/?page_id=1928"},"modified":"2013-11-18T22:54:17","modified_gmt":"2013-11-18T20:54:17","slug":"sortie-a-ronno-le-17-novembre-2013","status":"publish","type":"page","link":"https:\/\/portailsolidarites.fr\/Amicale\/activites\/randonnee-pedestre\/photos\/sortie-a-ronno-le-17-novembre-2013\/","title":{"rendered":"Sortie \u00e0 Ronno le 17 novembre 2013"},"content":{"rendered":"<div><span style=\"font-family: Arial;font-size: small\"><span style=\"font-size: medium\">Quelques photos des dignes et vaillants repr\u00e9sentants de l&rsquo;Amicale en ce jour de froidure et de brouillard \u00e0 Ronno<\/span>.<\/span><\/div>\n<div><span style=\"font-size: medium\"><em><span style=\"font-family: Arial\">Avec les bisous d&rsquo;Edm\u00e9e \u00e0\u00a0tous.les participants manifestement satisfaits de leur journ\u00e9e.<\/span><\/em><\/span><\/div>\n<div><\/div>\n<div><a href=\"http:\/\/portailsolidarites.fr\/amicalelaiquegrigny\/files\/2013\/11\/CIMG2492.jpg\"><img loading=\"lazy\" decoding=\"async\" class=\"aligncenter size-full wp-image-1929\" alt=\"CIMG2492\" src=\"http:\/\/portailsolidarites.fr\/amicalelaiquegrigny\/files\/2013\/11\/CIMG2492.jpg\" width=\"640\" height=\"480\" \/><\/a> <a href=\"http:\/\/portailsolidarites.fr\/amicalelaiquegrigny\/files\/2013\/11\/CIMG2488.jpg\"><img loading=\"lazy\" decoding=\"async\" class=\"aligncenter size-full wp-image-1930\" alt=\"CIMG2488\" src=\"http:\/\/portailsolidarites.fr\/amicalelaiquegrigny\/files\/2013\/11\/CIMG2488.jpg\" width=\"480\" height=\"640\" \/><\/a> <a href=\"http:\/\/portailsolidarites.fr\/amicalelaiquegrigny\/files\/2013\/11\/CIMG2489.jpg\"><img loading=\"lazy\" decoding=\"async\" class=\"aligncenter size-full wp-image-1931\" alt=\"CIMG2489\" src=\"http:\/\/portailsolidarites.fr\/amicalelaiquegrigny\/files\/2013\/11\/CIMG2489.jpg\" width=\"480\" height=\"640\" \/><\/a> <a href=\"http:\/\/portailsolidarites.fr\/amicalelaiquegrigny\/files\/2013\/11\/CIMG2490.jpg\"><img loading=\"lazy\" decoding=\"async\" class=\"aligncenter size-full wp-image-1932\" alt=\"CIMG2490\" src=\"http:\/\/portailsolidarites.fr\/amicalelaiquegrigny\/files\/2013\/11\/CIMG2490.jpg\" width=\"480\" height=\"640\" \/><\/a> <a href=\"http:\/\/portailsolidarites.fr\/amicalelaiquegrigny\/files\/2013\/11\/CIMG2491.jpg\"><img loading=\"lazy\" decoding=\"async\" class=\"aligncenter size-full wp-image-1933\" alt=\"CIMG2491\" src=\"http:\/\/portailsolidarites.fr\/amicalelaiquegrigny\/files\/2013\/11\/CIMG2491.jpg\" width=\"640\" height=\"480\" \/><\/a><\/div>\n","protected":false},"excerpt":{"rendered":"<p>Quelques photos des dignes et vaillants repr\u00e9sentants de l&rsquo;Amicale en ce jour de froidure et de brouillard \u00e0 Ronno. Avec les bisous d&rsquo;Edm\u00e9e \u00e0\u00a0tous.les participants manifestement satisfaits de leur journ\u00e9e.<\/p>\n","protected":false},"author":2,"featured_media":0,"parent":1988,"menu_order":14,"comment_status":"open","ping_status":"open","template":"","meta":{"_uag_custom_page_level_css":"","footnotes":""},"class_list":["post-1928","page","type-page","status-publish","hentry"],"uagb_featured_image_src":{"full":false,"thumbnail":false,"medium":false,"medium_large":false,"large":false,"1536x1536":false,"2048x2048":false,"post-thumbnail":false},"uagb_author_info":{"display_name":"amicalelaiquegrigny","author_link":"https:\/\/portailsolidarites.fr\/Amicale\/author\/amicalelaiquegrigny\/"},"uagb_comment_info":0,"uagb_excerpt":"Quelques photos des dignes et vaillants repr\u00e9sentants de l&rsquo;Amicale en ce jour de froidure et de brouillard \u00e0 Ronno. Avec les bisous d&rsquo;Edm\u00e9e \u00e0\u00a0tous.les participants manifestement satisfaits de leur journ\u00e9e.","_links":{"self":[{"href":"https:\/\/portailsolidarites.fr\/Amicale\/wp-json\/wp\/v2\/pages\/1928","targetHints":{"allow":["GET"]}}],"collection":[{"href":"https:\/\/portailsolidarites.fr\/Amicale\/wp-json\/wp\/v2\/pages"}],"about":[{"href":"https:\/\/portailsolidarites.fr\/Amicale\/wp-json\/wp\/v2\/types\/page"}],"author":[{"embeddable":true,"href":"https:\/\/portailsolidarites.fr\/Amicale\/wp-json\/wp\/v2\/users\/2"}],"replies":[{"embeddable":true,"href":"https:\/\/portailsolidarites.fr\/Amicale\/wp-json\/wp\/v2\/comments?post=1928"}],"version-history":[{"count":0,"href":"https:\/\/portailsolidarites.fr\/Amicale\/wp-json\/wp\/v2\/pages\/1928\/revisions"}],"up":[{"embeddable":true,"href":"https:\/\/portailsolidarites.fr\/Amicale\/wp-json\/wp\/v2\/pages\/1988"}],"wp:attachment":[{"href":"https:\/\/portailsolidarites.fr\/Amicale\/wp-json\/wp\/v2\/media?parent=1928"}],"curies":[{"name":"wp","href":"https:\/\/api.w.org\/{rel}","templated":true}]}}