{"id":1940,"date":"2013-12-03T11:41:03","date_gmt":"2013-12-03T09:41:03","guid":{"rendered":"http:\/\/portailsolidarites.fr\/amicalelaiquegrigny\/?page_id=1940"},"modified":"2013-12-03T11:41:03","modified_gmt":"2013-12-03T09:41:03","slug":"sortie-a-brullioles-le-1er-decembre-2013","status":"publish","type":"page","link":"https:\/\/portailsolidarites.fr\/Amicale\/activites\/randonnee-pedestre\/photos\/sortie-a-brullioles-le-1er-decembre-2013\/","title":{"rendered":"Sortie \u00e0 BRULLIOLES le 1er d\u00e9cembre 2013"},"content":{"rendered":"<div id=\"attachment_1941\" style=\"width: 650px\" class=\"wp-caption aligncenter\"><a href=\"http:\/\/portailsolidarites.fr\/amicalelaiquegrigny\/files\/2013\/12\/CIMG2514.jpg\"><img loading=\"lazy\" decoding=\"async\" aria-describedby=\"caption-attachment-1941\" class=\"size-full wp-image-1941\" alt=\"Brullioles 01-12-2013\" src=\"http:\/\/portailsolidarites.fr\/amicalelaiquegrigny\/files\/2013\/12\/CIMG2514.jpg\" width=\"640\" height=\"480\" \/><\/a><p id=\"caption-attachment-1941\" class=\"wp-caption-text\">Brullioles le 1er d\u00e9cembre 2013<\/p><\/div>\n<p>&nbsp;<\/p>\n<p><a href=\"http:\/\/portailsolidarites.fr\/amicalelaiquegrigny\/files\/2013\/12\/CIMG2516.jpg\"><img loading=\"lazy\" decoding=\"async\" class=\"aligncenter size-full wp-image-1942\" alt=\"CIMG2516\" src=\"http:\/\/portailsolidarites.fr\/amicalelaiquegrigny\/files\/2013\/12\/CIMG2516.jpg\" width=\"640\" height=\"480\" \/><\/a><span style=\"color: #0000ff\"><strong><em>Mais \u00e0 part \u00e7a, Madame la Marquise,<\/em><\/strong><\/span><br \/>\n<span style=\"color: #0000ff\"><strong><em>Tout va tr\u00e8s bien, tout va tr\u00e8s bien !&#8230;<\/em><\/strong><\/span><\/p>\n","protected":false},"excerpt":{"rendered":"<p>&nbsp; Mais \u00e0 part \u00e7a, Madame la Marquise, Tout va tr\u00e8s bien, tout va tr\u00e8s bien !&#8230;<\/p>\n","protected":false},"author":2,"featured_media":0,"parent":1988,"menu_order":13,"comment_status":"open","ping_status":"open","template":"","meta":{"_uag_custom_page_level_css":"","footnotes":""},"class_list":["post-1940","page","type-page","status-publish","hentry"],"uagb_featured_image_src":{"full":false,"thumbnail":false,"medium":false,"medium_large":false,"large":false,"1536x1536":false,"2048x2048":false,"post-thumbnail":false},"uagb_author_info":{"display_name":"amicalelaiquegrigny","author_link":"https:\/\/portailsolidarites.fr\/Amicale\/author\/amicalelaiquegrigny\/"},"uagb_comment_info":0,"uagb_excerpt":"&nbsp; Mais \u00e0 part \u00e7a, Madame la Marquise, Tout va tr\u00e8s bien, tout va tr\u00e8s bien !&#8230;","_links":{"self":[{"href":"https:\/\/portailsolidarites.fr\/Amicale\/wp-json\/wp\/v2\/pages\/1940","targetHints":{"allow":["GET"]}}],"collection":[{"href":"https:\/\/portailsolidarites.fr\/Amicale\/wp-json\/wp\/v2\/pages"}],"about":[{"href":"https:\/\/portailsolidarites.fr\/Amicale\/wp-json\/wp\/v2\/types\/page"}],"author":[{"embeddable":true,"href":"https:\/\/portailsolidarites.fr\/Amicale\/wp-json\/wp\/v2\/users\/2"}],"replies":[{"embeddable":true,"href":"https:\/\/portailsolidarites.fr\/Amicale\/wp-json\/wp\/v2\/comments?post=1940"}],"version-history":[{"count":0,"href":"https:\/\/portailsolidarites.fr\/Amicale\/wp-json\/wp\/v2\/pages\/1940\/revisions"}],"up":[{"embeddable":true,"href":"https:\/\/portailsolidarites.fr\/Amicale\/wp-json\/wp\/v2\/pages\/1988"}],"wp:attachment":[{"href":"https:\/\/portailsolidarites.fr\/Amicale\/wp-json\/wp\/v2\/media?parent=1940"}],"curies":[{"name":"wp","href":"https:\/\/api.w.org\/{rel}","templated":true}]}}