{"id":1946,"date":"2013-12-03T12:13:01","date_gmt":"2013-12-03T10:13:01","guid":{"rendered":"http:\/\/portailsolidarites.fr\/amicalelaiquegrigny\/?page_id=1946"},"modified":"2013-12-03T12:13:01","modified_gmt":"2013-12-03T10:13:01","slug":"theatre","status":"publish","type":"page","link":"https:\/\/portailsolidarites.fr\/Amicale\/activites\/theatre\/","title":{"rendered":"Th\u00e9\u00e2tre de boulevard"},"content":{"rendered":"<p><a href=\"http:\/\/portailsolidarites.fr\/amicalelaiquegrigny\/files\/2013\/12\/Sans-titre-8.jpg\"><img loading=\"lazy\" decoding=\"async\" class=\"aligncenter wp-image-2524\" src=\"http:\/\/portailsolidarites.fr\/amicalelaiquegrigny\/files\/2013\/12\/Sans-titre-8.jpg\" alt=\"Sans titre 8\" width=\"211\" height=\"211\" \/><\/a><\/p>\n<p style=\"text-align: center;\"><em><span style=\"color: #ff0000;\"><strong><span style=\"font-size: 14pt;\">La section Th\u00e9atre n&rsquo;a pas repris ses activit\u00e9s<br \/>\ndepuis la saison 2020 \/ 2021.<\/span><\/strong><\/span><\/em><\/p>\n<p>&nbsp;<\/p>\n<p style=\"text-align: center;\"><em>Le\u00a0th\u00e9\u00e2tre\u00a0est avant tout un loisir, une d\u00e9tente,\u00a0 mais aussi un travail relationnel\u00a0et de m\u00e9moire.\u00a0<\/em><br \/>\n<em>Se faire plaisir dans les r\u00e9pliques, s&rsquo;accorder une confiance sur sc\u00e8ne, imaginer un d\u00e9cor, confectionner des costumes, transmettre son plaisir au public, &#8230;<\/em><br \/>\nLe th\u00e9\u00e2tre concerne diff\u00e9rentes activit\u00e9s (pas seulement le r\u00f4le d&rsquo;acteur).<br \/>\n__________________________<\/p>\n<p style=\"text-align: center;\">\u00ab\u00a0Qu&rsquo;importe le flocon\u00a0\u00bb, repr\u00e9sentation des 2 et 3 juillet 2016:<a href=\"http:\/\/portailsolidarites.fr\/amicalelaiquegrigny\/files\/2016\/07\/P1100458bis.jpg\" rel=\"attachment wp-att-2869\"><img loading=\"lazy\" decoding=\"async\" class=\"alignleft size-full wp-image-2869\" src=\"http:\/\/portailsolidarites.fr\/amicalelaiquegrigny\/files\/2016\/07\/P1100458bis.jpg\" alt=\"P1100458bis\" width=\"2336\" height=\"1261\" \/><\/a><\/p>\n<p style=\"text-align: center;\"><a href=\"http:\/\/portailsolidarites.fr\/amicalelaiquegrigny\/files\/2013\/12\/Sans-titre-1.jpg\"><img loading=\"lazy\" decoding=\"async\" class=\"aligncenter size-full wp-image-2659\" src=\"http:\/\/portailsolidarites.fr\/amicalelaiquegrigny\/files\/2013\/12\/Sans-titre-1.jpg\" alt=\"Sans titre 1\" width=\"2221\" height=\"1946\" \/><\/a><\/p>\n","protected":false},"excerpt":{"rendered":"<p>La section Th\u00e9atre n&rsquo;a pas repris ses activit\u00e9s depuis la saison 2020 \/ 2021. &nbsp; Le\u00a0th\u00e9\u00e2tre\u00a0est avant tout un loisir, une d\u00e9tente,\u00a0 mais aussi un travail relationnel\u00a0et de m\u00e9moire.\u00a0 Se faire plaisir dans les r\u00e9pliques, s&rsquo;accorder une confiance sur sc\u00e8ne, &hellip; <a href=\"https:\/\/portailsolidarites.fr\/Amicale\/activites\/theatre\/\">Continuer la lecture <span class=\"meta-nav\">&rarr;<\/span><\/a><\/p>\n","protected":false},"author":2,"featured_media":0,"parent":463,"menu_order":17,"comment_status":"open","ping_status":"open","template":"","meta":{"_uag_custom_page_level_css":"","footnotes":""},"class_list":["post-1946","page","type-page","status-publish","hentry"],"uagb_featured_image_src":{"full":false,"thumbnail":false,"medium":false,"medium_large":false,"large":false,"1536x1536":false,"2048x2048":false,"post-thumbnail":false},"uagb_author_info":{"display_name":"amicalelaiquegrigny","author_link":"https:\/\/portailsolidarites.fr\/Amicale\/author\/amicalelaiquegrigny\/"},"uagb_comment_info":0,"uagb_excerpt":"La section Th\u00e9atre n&rsquo;a pas repris ses activit\u00e9s depuis la saison 2020 \/ 2021. &nbsp; Le\u00a0th\u00e9\u00e2tre\u00a0est avant tout un loisir, une d\u00e9tente,\u00a0 mais aussi un travail relationnel\u00a0et de m\u00e9moire.\u00a0 Se faire plaisir dans les r\u00e9pliques, s&rsquo;accorder une confiance sur sc\u00e8ne, &hellip; Continuer la lecture &rarr;","_links":{"self":[{"href":"https:\/\/portailsolidarites.fr\/Amicale\/wp-json\/wp\/v2\/pages\/1946","targetHints":{"allow":["GET"]}}],"collection":[{"href":"https:\/\/portailsolidarites.fr\/Amicale\/wp-json\/wp\/v2\/pages"}],"about":[{"href":"https:\/\/portailsolidarites.fr\/Amicale\/wp-json\/wp\/v2\/types\/page"}],"author":[{"embeddable":true,"href":"https:\/\/portailsolidarites.fr\/Amicale\/wp-json\/wp\/v2\/users\/2"}],"replies":[{"embeddable":true,"href":"https:\/\/portailsolidarites.fr\/Amicale\/wp-json\/wp\/v2\/comments?post=1946"}],"version-history":[{"count":0,"href":"https:\/\/portailsolidarites.fr\/Amicale\/wp-json\/wp\/v2\/pages\/1946\/revisions"}],"up":[{"embeddable":true,"href":"https:\/\/portailsolidarites.fr\/Amicale\/wp-json\/wp\/v2\/pages\/463"}],"wp:attachment":[{"href":"https:\/\/portailsolidarites.fr\/Amicale\/wp-json\/wp\/v2\/media?parent=1946"}],"curies":[{"name":"wp","href":"https:\/\/api.w.org\/{rel}","templated":true}]}}