{"id":1969,"date":"2013-12-10T12:24:21","date_gmt":"2013-12-10T10:24:21","guid":{"rendered":"http:\/\/portailsolidarites.fr\/amicalelaiquegrigny\/?page_id=1969"},"modified":"2013-12-10T12:24:21","modified_gmt":"2013-12-10T10:24:21","slug":"annees-2011-2012","status":"publish","type":"page","link":"https:\/\/portailsolidarites.fr\/Amicale\/activites\/randonnee-pedestre\/photos\/annees-2011-2012\/","title":{"rendered":"Ann\u00e9es 2011 -2012"},"content":{"rendered":"<p><em><strong>Photos 2011 &#8211; 2012 :<\/strong><\/em><\/p>\n<p><a href=\"http:\/\/portailsolidarites.fr\/amicalelaiquegrigny\/files\/2012\/03\/IMG_5746.jpg\"><img loading=\"lazy\" decoding=\"async\" alt=\"IMG_5746\" src=\"http:\/\/portailsolidarites.fr\/amicalelaiquegrigny\/files\/2012\/03\/IMG_5746.jpg\" width=\"640\" height=\"480\" \/><\/a> <a href=\"http:\/\/portailsolidarites.fr\/amicalelaiquegrigny\/files\/2012\/03\/IMG_5755.jpg\"><img loading=\"lazy\" decoding=\"async\" alt=\"IMG_5755\" src=\"http:\/\/portailsolidarites.fr\/amicalelaiquegrigny\/files\/2012\/03\/IMG_5755.jpg\" width=\"640\" height=\"480\" \/><\/a> <a href=\"http:\/\/portailsolidarites.fr\/amicalelaiquegrigny\/files\/2012\/03\/IMG_5947.jpg\"><img loading=\"lazy\" decoding=\"async\" alt=\"IMG_5947\" src=\"http:\/\/portailsolidarites.fr\/amicalelaiquegrigny\/files\/2012\/03\/IMG_5947.jpg\" width=\"640\" height=\"480\" \/><\/a><\/p>\n<p><a href=\"http:\/\/portailsolidarites.fr\/amicalelaiquegrigny\/files\/2011\/11\/Randonn\u00e9e.jpg\"><img loading=\"lazy\" decoding=\"async\" alt=\"\" src=\"http:\/\/portailsolidarites.fr\/amicalelaiquegrigny\/files\/2011\/11\/Randonn\u00e9e.jpg\" width=\"960\" height=\"720\" \/><\/a><\/p>\n<p><a href=\"http:\/\/portailsolidarites.fr\/amicalelaiquegrigny\/files\/2011\/03\/Randonn\u00e9e-2.jpg\"><img loading=\"lazy\" decoding=\"async\" alt=\"\" src=\"http:\/\/portailsolidarites.fr\/amicalelaiquegrigny\/files\/2011\/03\/Randonn\u00e9e-2.jpg\" width=\"960\" height=\"720\" \/><\/a><\/p>\n<p>&nbsp;<\/p>\n<h2>Randonn\u00e9e \u00e0 Saint-Didier-sous-Riverie, jeudi 29 mars 2012<\/h2>\n<p><a href=\"http:\/\/portailsolidarites.fr\/amicalelaiquegrigny\/files\/2012\/03\/IMG_3752.jpg\"><img loading=\"lazy\" decoding=\"async\" alt=\"\" src=\"http:\/\/portailsolidarites.fr\/amicalelaiquegrigny\/files\/2012\/03\/IMG_3752.jpg\" width=\"640\" height=\"480\" \/><\/a><\/p>\n<p>&nbsp;<\/p>\n<h2>Randonn\u00e9e \u00e0 Saint-Didier-sous-Riverie, jeudi 29 mars 2012<\/h2>\n<h2>Repas au Restaurant La Picoraille<\/h2>\n<p><a href=\"http:\/\/portailsolidarites.fr\/amicalelaiquegrigny\/files\/2012\/03\/IMG_3761.jpg\"><img loading=\"lazy\" decoding=\"async\" alt=\"\" src=\"http:\/\/portailsolidarites.fr\/amicalelaiquegrigny\/files\/2012\/03\/IMG_3761.jpg\" width=\"640\" height=\"480\" \/><\/a><\/p>\n<p>&nbsp;<\/p>\n","protected":false},"excerpt":{"rendered":"<p>Photos 2011 &#8211; 2012 : &nbsp; Randonn\u00e9e \u00e0 Saint-Didier-sous-Riverie, jeudi 29 mars 2012 &nbsp; Randonn\u00e9e \u00e0 Saint-Didier-sous-Riverie, jeudi 29 mars 2012 Repas au Restaurant La Picoraille &nbsp;<\/p>\n","protected":false},"author":2,"featured_media":0,"parent":1988,"menu_order":16,"comment_status":"open","ping_status":"open","template":"","meta":{"_uag_custom_page_level_css":"","footnotes":""},"class_list":["post-1969","page","type-page","status-publish","hentry"],"uagb_featured_image_src":{"full":false,"thumbnail":false,"medium":false,"medium_large":false,"large":false,"1536x1536":false,"2048x2048":false,"post-thumbnail":false},"uagb_author_info":{"display_name":"amicalelaiquegrigny","author_link":"https:\/\/portailsolidarites.fr\/Amicale\/author\/amicalelaiquegrigny\/"},"uagb_comment_info":0,"uagb_excerpt":"Photos 2011 &#8211; 2012 : &nbsp; Randonn\u00e9e \u00e0 Saint-Didier-sous-Riverie, jeudi 29 mars 2012 &nbsp; Randonn\u00e9e \u00e0 Saint-Didier-sous-Riverie, jeudi 29 mars 2012 Repas au Restaurant La Picoraille &nbsp;","_links":{"self":[{"href":"https:\/\/portailsolidarites.fr\/Amicale\/wp-json\/wp\/v2\/pages\/1969","targetHints":{"allow":["GET"]}}],"collection":[{"href":"https:\/\/portailsolidarites.fr\/Amicale\/wp-json\/wp\/v2\/pages"}],"about":[{"href":"https:\/\/portailsolidarites.fr\/Amicale\/wp-json\/wp\/v2\/types\/page"}],"author":[{"embeddable":true,"href":"https:\/\/portailsolidarites.fr\/Amicale\/wp-json\/wp\/v2\/users\/2"}],"replies":[{"embeddable":true,"href":"https:\/\/portailsolidarites.fr\/Amicale\/wp-json\/wp\/v2\/comments?post=1969"}],"version-history":[{"count":0,"href":"https:\/\/portailsolidarites.fr\/Amicale\/wp-json\/wp\/v2\/pages\/1969\/revisions"}],"up":[{"embeddable":true,"href":"https:\/\/portailsolidarites.fr\/Amicale\/wp-json\/wp\/v2\/pages\/1988"}],"wp:attachment":[{"href":"https:\/\/portailsolidarites.fr\/Amicale\/wp-json\/wp\/v2\/media?parent=1969"}],"curies":[{"name":"wp","href":"https:\/\/api.w.org\/{rel}","templated":true}]}}