{"id":1981,"date":"2013-12-10T12:21:06","date_gmt":"2013-12-10T10:21:06","guid":{"rendered":"http:\/\/portailsolidarites.fr\/amicalelaiquegrigny\/?page_id=1981"},"modified":"2013-12-10T12:21:06","modified_gmt":"2013-12-10T10:21:06","slug":"la-cote-saint-andre-le-8-decembre-2013","status":"publish","type":"page","link":"https:\/\/portailsolidarites.fr\/Amicale\/activites\/randonnee-pedestre\/photos\/la-cote-saint-andre-le-8-decembre-2013\/","title":{"rendered":"La C\u00f4te-Saint-Andr\u00e9, le 8 d\u00e9cembre 2013"},"content":{"rendered":"<p>Une tr\u00e8s belle randonn\u00e9e dans la neige et sous le soleil:<\/p>\n<p><a href=\"http:\/\/portailsolidarites.fr\/amicalelaiquegrigny\/files\/2013\/12\/IMG_20131208_152822.jpg\"><img loading=\"lazy\" decoding=\"async\" class=\"aligncenter size-full wp-image-1982\" alt=\"IMG_20131208_152822\" src=\"http:\/\/portailsolidarites.fr\/amicalelaiquegrigny\/files\/2013\/12\/IMG_20131208_152822.jpg\" width=\"640\" height=\"480\" \/><\/a>Sympa, non ?<\/p>\n<p><a href=\"http:\/\/portailsolidarites.fr\/amicalelaiquegrigny\/files\/2013\/12\/IMG_20131208_152841.jpg\"><img loading=\"lazy\" decoding=\"async\" class=\"aligncenter size-full wp-image-1983\" alt=\"IMG_20131208_152841\" src=\"http:\/\/portailsolidarites.fr\/amicalelaiquegrigny\/files\/2013\/12\/IMG_20131208_152841.jpg\" width=\"640\" height=\"480\" \/><\/a>En forme et souriants<\/p>\n<p><a href=\"http:\/\/portailsolidarites.fr\/amicalelaiquegrigny\/files\/2013\/12\/IMG_20131208_152855.jpg\"><img loading=\"lazy\" decoding=\"async\" class=\"aligncenter size-full wp-image-1984\" alt=\"IMG_20131208_152855\" src=\"http:\/\/portailsolidarites.fr\/amicalelaiquegrigny\/files\/2013\/12\/IMG_20131208_152855.jpg\" width=\"640\" height=\"480\" \/><\/a><\/p>\n<p>&nbsp;<\/p>\n","protected":false},"excerpt":{"rendered":"<p>Une tr\u00e8s belle randonn\u00e9e dans la neige et sous le soleil: Sympa, non ? En forme et souriants &nbsp;<\/p>\n","protected":false},"author":2,"featured_media":0,"parent":1988,"menu_order":12,"comment_status":"open","ping_status":"open","template":"","meta":{"_uag_custom_page_level_css":"","footnotes":""},"class_list":["post-1981","page","type-page","status-publish","hentry"],"uagb_featured_image_src":{"full":false,"thumbnail":false,"medium":false,"medium_large":false,"large":false,"1536x1536":false,"2048x2048":false,"post-thumbnail":false},"uagb_author_info":{"display_name":"amicalelaiquegrigny","author_link":"https:\/\/portailsolidarites.fr\/Amicale\/author\/amicalelaiquegrigny\/"},"uagb_comment_info":0,"uagb_excerpt":"Une tr\u00e8s belle randonn\u00e9e dans la neige et sous le soleil: Sympa, non ? En forme et souriants &nbsp;","_links":{"self":[{"href":"https:\/\/portailsolidarites.fr\/Amicale\/wp-json\/wp\/v2\/pages\/1981","targetHints":{"allow":["GET"]}}],"collection":[{"href":"https:\/\/portailsolidarites.fr\/Amicale\/wp-json\/wp\/v2\/pages"}],"about":[{"href":"https:\/\/portailsolidarites.fr\/Amicale\/wp-json\/wp\/v2\/types\/page"}],"author":[{"embeddable":true,"href":"https:\/\/portailsolidarites.fr\/Amicale\/wp-json\/wp\/v2\/users\/2"}],"replies":[{"embeddable":true,"href":"https:\/\/portailsolidarites.fr\/Amicale\/wp-json\/wp\/v2\/comments?post=1981"}],"version-history":[{"count":0,"href":"https:\/\/portailsolidarites.fr\/Amicale\/wp-json\/wp\/v2\/pages\/1981\/revisions"}],"up":[{"embeddable":true,"href":"https:\/\/portailsolidarites.fr\/Amicale\/wp-json\/wp\/v2\/pages\/1988"}],"wp:attachment":[{"href":"https:\/\/portailsolidarites.fr\/Amicale\/wp-json\/wp\/v2\/media?parent=1981"}],"curies":[{"name":"wp","href":"https:\/\/api.w.org\/{rel}","templated":true}]}}