{"id":1988,"date":"2013-12-10T12:19:37","date_gmt":"2013-12-10T10:19:37","guid":{"rendered":"http:\/\/portailsolidarites.fr\/amicalelaiquegrigny\/?page_id=1988"},"modified":"2013-12-10T12:19:37","modified_gmt":"2013-12-10T10:19:37","slug":"photos","status":"publish","type":"page","link":"https:\/\/portailsolidarites.fr\/Amicale\/activites\/randonnee-pedestre\/photos\/","title":{"rendered":"Photos"},"content":{"rendered":"<p><span style=\"font-size: x-large\"><em><strong>\u00a0Photos :<\/strong><\/em><\/span><\/p>\n<p><a href=\"http:\/\/portailsolidarites.fr\/amicalelaiquegrigny\/activites\/randonnee-pedestre\/photos\/condrieu-27-mars-2014\/\">&#8211; Condrieu, le 27 mars 2014<\/a><br \/>\n<a href=\"http:\/\/portailsolidarites.fr\/amicalelaiquegrigny\/activites\/randonnee-pedestre\/photos\/repas-du-10-janvier-2014\/\"><span style=\"color: #000000\">&#8211; Repas du 10 janvier 2014<\/span><\/a><br \/>\n<a href=\"http:\/\/portailsolidarites.fr\/amicalelaiquegrigny\/activites\/randonnee-pedestre\/photos\/meyssiez-5-janvier-2014\/\"><span style=\"color: #000000\"> &#8211; Meyssiez, le 5 janvier 2014<\/span><\/a><br \/>\n<a href=\"http:\/\/portailsolidarites.fr\/amicalelaiquegrigny\/activites\/randonnee-pedestre\/photos\/lyon-le-15-decembre-2013\/\"><span style=\"color: #000000\"> &#8211; Lyon, le 15 d\u00e9cembre 2013<\/span><\/a><br \/>\n<a href=\"http:\/\/portailsolidarites.fr\/amicalelaiquegrigny\/?page_id=1981&amp;preview=true\">&#8211; La C\u00f4te-Saint-Andr\u00e9, le 8 d\u00e9cembre 2013<\/a><br \/>\n<a title=\"Brullioles\" href=\"http:\/\/portailsolidarites.fr\/amicalelaiquegrigny\/activites\/randonnee-pedestre\/sortie-a-brullioles-le-1er-decembre-2013\/\">&#8211; Brullioles, le 1er d\u00e9cembre 2013<\/a><br \/>\n<a title=\"Ronno\" href=\"http:\/\/portailsolidarites.fr\/amicalelaiquegrigny\/activites\/randonnee-pedestre\/sortie-a-ronno-le-17-novembre-2013\/\">&#8211; Ronno, le 17 novembre 2013<\/a><br \/>\n<a href=\"http:\/\/portailsolidarites.fr\/amicalelaiquegrigny\/activites\/randonnee-pedestre\/les-dernieres-photos\/\">&#8211; septembre 2013<\/a><br \/>\n<a href=\"http:\/\/portailsolidarites.fr\/amicalelaiquegrigny\/?page_id=1969&amp;preview=true\">&#8211; ann\u00e9es 2011 \u2013 2012<\/a><\/p>\n<p>_________________________________________________<\/p>\n","protected":false},"excerpt":{"rendered":"<p>\u00a0Photos : &#8211; Condrieu, le 27 mars 2014 &#8211; Repas du 10 janvier 2014 &#8211; Meyssiez, le 5 janvier 2014 &#8211; Lyon, le 15 d\u00e9cembre 2013 &#8211; La C\u00f4te-Saint-Andr\u00e9, le 8 d\u00e9cembre 2013 &#8211; Brullioles, le 1er d\u00e9cembre 2013 &#8211; &hellip; <a href=\"https:\/\/portailsolidarites.fr\/Amicale\/activites\/randonnee-pedestre\/photos\/\">Continuer la lecture <span class=\"meta-nav\">&rarr;<\/span><\/a><\/p>\n","protected":false},"author":2,"featured_media":0,"parent":625,"menu_order":2,"comment_status":"open","ping_status":"open","template":"","meta":{"_uag_custom_page_level_css":"","footnotes":""},"class_list":["post-1988","page","type-page","status-publish","hentry"],"uagb_featured_image_src":{"full":false,"thumbnail":false,"medium":false,"medium_large":false,"large":false,"1536x1536":false,"2048x2048":false,"post-thumbnail":false},"uagb_author_info":{"display_name":"amicalelaiquegrigny","author_link":"https:\/\/portailsolidarites.fr\/Amicale\/author\/amicalelaiquegrigny\/"},"uagb_comment_info":0,"uagb_excerpt":"\u00a0Photos : &#8211; Condrieu, le 27 mars 2014 &#8211; Repas du 10 janvier 2014 &#8211; Meyssiez, le 5 janvier 2014 &#8211; Lyon, le 15 d\u00e9cembre 2013 &#8211; La C\u00f4te-Saint-Andr\u00e9, le 8 d\u00e9cembre 2013 &#8211; Brullioles, le 1er d\u00e9cembre 2013 &#8211; &hellip; Continuer la lecture &rarr;","_links":{"self":[{"href":"https:\/\/portailsolidarites.fr\/Amicale\/wp-json\/wp\/v2\/pages\/1988","targetHints":{"allow":["GET"]}}],"collection":[{"href":"https:\/\/portailsolidarites.fr\/Amicale\/wp-json\/wp\/v2\/pages"}],"about":[{"href":"https:\/\/portailsolidarites.fr\/Amicale\/wp-json\/wp\/v2\/types\/page"}],"author":[{"embeddable":true,"href":"https:\/\/portailsolidarites.fr\/Amicale\/wp-json\/wp\/v2\/users\/2"}],"replies":[{"embeddable":true,"href":"https:\/\/portailsolidarites.fr\/Amicale\/wp-json\/wp\/v2\/comments?post=1988"}],"version-history":[{"count":0,"href":"https:\/\/portailsolidarites.fr\/Amicale\/wp-json\/wp\/v2\/pages\/1988\/revisions"}],"up":[{"embeddable":true,"href":"https:\/\/portailsolidarites.fr\/Amicale\/wp-json\/wp\/v2\/pages\/625"}],"wp:attachment":[{"href":"https:\/\/portailsolidarites.fr\/Amicale\/wp-json\/wp\/v2\/media?parent=1988"}],"curies":[{"name":"wp","href":"https:\/\/api.w.org\/{rel}","templated":true}]}}