{"id":233,"date":"2012-03-20T17:04:48","date_gmt":"2012-03-20T16:04:48","guid":{"rendered":"http:\/\/portailsolidarites.fr\/amicalelaiquegrigny\/?page_id=233"},"modified":"2026-04-30T14:07:01","modified_gmt":"2026-04-30T12:07:01","slug":"accueil","status":"publish","type":"page","link":"https:\/\/portailsolidarites.fr\/Amicale\/","title":{"rendered":"Accueil"},"content":{"rendered":"<blockquote>\n<ul>\n<li style=\"text-align: center;\">\n<h3><span style=\"text-decoration: underline;\"><strong><em><span style=\"color: #009900; text-decoration: underline;\"><img loading=\"lazy\" decoding=\"async\" class=\"aligncenter size-full wp-image-3807\" src=\"https:\/\/portailsolidarites.fr\/Amicale\/wp-content\/uploads\/2024\/05\/226-3-amis.gif\" alt=\"\" width=\"188\" height=\"147\" \/><\/span><\/em><\/strong><\/span><\/h3>\n<p><span style=\"text-decoration: underline;\"><strong><em><span style=\"color: #009900; text-decoration: underline;\">Bien<\/span><\/em><em><span style=\"color: #009900; text-decoration: underline;\">venue<\/span><\/em><em><span style=\"color: #009900; text-decoration: underline;\"> \u00e0 l&rsquo;Amicale La\u00efque de Grigny<\/span><\/em><\/strong><\/span><\/li>\n<\/ul>\n<\/blockquote>\n<h2>______________________________________________<\/h2>\n<h2><img loading=\"lazy\" decoding=\"async\" class=\"aligncenter size-large wp-image-4004\" src=\"https:\/\/portailsolidarites.fr\/Amicale\/wp-content\/uploads\/2026\/04\/Affiche-expo-2026-724x1024.jpg\" alt=\"\" width=\"640\" height=\"905\" srcset=\"https:\/\/portailsolidarites.fr\/Amicale\/wp-content\/uploads\/2026\/04\/Affiche-expo-2026-724x1024.jpg 724w, https:\/\/portailsolidarites.fr\/Amicale\/wp-content\/uploads\/2026\/04\/Affiche-expo-2026-212x300.jpg 212w, https:\/\/portailsolidarites.fr\/Amicale\/wp-content\/uploads\/2026\/04\/Affiche-expo-2026-768x1086.jpg 768w, https:\/\/portailsolidarites.fr\/Amicale\/wp-content\/uploads\/2026\/04\/Affiche-expo-2026.jpg 794w\" sizes=\"auto, (max-width: 640px) 100vw, 640px\" \/><\/h2>\n<p>&nbsp;<\/p>\n<p>____________________________________________________________<\/p>\n<p>____________________________________________________________<br \/>\nC&rsquo;est avec une grande tristesse et une grande \u00e9motion que nous avons appris le d\u00e9c\u00e8s de Jacky GATEAU (le 20 octobre 2025), ancien pr\u00e9sident de notre association qu&rsquo;il avait g\u00e9r\u00e9e et anim\u00e9e pendant une dizaine d&rsquo;ann\u00e9es (jusqu&rsquo;en octobre 2013).<br \/>\nAu cours de ces 10 ann\u00e9es, il a su mobiliser l\u2019\u00e9quipe de b\u00e9n\u00e9voles qui l\u2019entoure pour remettre de l\u2019ordre, assainir et d\u00e9velopper l\u2019association dans un esprit de convivialit\u00e9, solidarit\u00e9 et la\u00efcit\u00e9.<\/p>\n<p><img loading=\"lazy\" decoding=\"async\" class=\"wp-image-3901 alignleft\" src=\"https:\/\/portailsolidarites.fr\/Amicale\/wp-content\/uploads\/2025\/10\/Avis-de-deces-Jacky-Gateau-Le-Progres-22-10-2025-1.jpg\" alt=\"\" width=\"213\" height=\"443\" \/><\/p>\n<p><strong><img loading=\"lazy\" decoding=\"async\" class=\"wp-image-3902 alignright\" src=\"https:\/\/portailsolidarites.fr\/Amicale\/wp-content\/uploads\/2025\/10\/Photo-Jacky-GATEAU-225x300.jpg\" alt=\"\" width=\"286\" height=\"367\" \/><\/strong><\/p>\n<p>&nbsp;<\/p>\n<p>&nbsp;<\/p>\n<p><strong>__________<\/strong><strong>______________________________________________<\/strong><\/p>\n<h3><a href=\"https:\/\/portailsolidarites.fr\/Amicale\/wp-admin\/post.php?post=3917&amp;action=edit\">Voir article du Progr\u00e8s \u00ab\u00a0Adieu \u00e0 Jacky Gateau\u00a0\u00bb<\/a><\/h3>\n<p>________________________________________________________<\/p>\n<p><em><span style=\"color: #0000ff;\">A noter:\u00a0 de nouvelles activit\u00e9s cette saison:<br \/>\n<\/span><\/em><br \/>\n<span style=\"color: #0000ff;\">\u00a0 \u00a0 \u00a0 &#8211; Arts Plastiques Enfants (loisirs cr\u00e9atifs)<br \/>\n<span style=\"color: #333333;\">de 8 \u00e012 ans , le samedi de 10h \u00e0 11h30<\/span><\/span><\/p>\n<p><span style=\"color: #0000ff;\">\u00a0 \u00a0 \u00a0 &#8211; FLOWNERGIE<br \/>\n<\/span>FlowNergy\u00ae est une m\u00e9thode de lib\u00e9ration \u00e9motionnelle par le mouvement. Elle permet d\u2019apaiser les tensions du corps, le syst\u00e8me nerveux et de faire circuler l\u2019\u00e9nergie.<br \/>\nGr\u00e2ce \u00e0 des mouvements fluides, des mobilit\u00e9s, des postures, de la danse et de la relaxation, vous sortirez du mental et vous reconnecterez \u00e0 votre corps et \u00e0 vous-m\u00eames au fil des musiques.<br \/>\nLa respiration est \u00e9galement tr\u00e8s importante car elle vient accompagner la d\u00e9tente et la lib\u00e9ration des \u00e9motions. \u00c0 travers la pratique, on renforce le corps en profondeur et avec plaisir!<\/p>\n<p><span style=\"color: #0000ff;\">\u00a0 \u00a0 \u00a0 &#8211; QI GONG<br \/>\n<span style=\"color: #333333;\">Le <b>qi gong<\/b><span id=\"ooui-php-1\" class=\"noexcerpt ext-phonos-PhonosButton oo-ui-widget oo-ui-widget-enabled oo-ui-buttonElement oo-ui-buttonElement-frameless oo-ui-iconElement oo-ui-labelElement oo-ui-buttonWidget\" data-nosnippet=\"\" data-ooui=\"{&quot;_&quot;:&quot;mw.Phonos.PhonosButton&quot;,&quot;href&quot;:&quot;\\\/\\\/upload.wikimedia.org\\\/wikipedia\\\/commons\\\/transcoded\\\/0\\\/02\\\/Zh-q%C3%ACgong.ogg\\\/Zh-q%C3%ACgong.ogg.mp3&quot;,&quot;rel&quot;:[&quot;nofollow&quot;],&quot;framed&quot;:false,&quot;icon&quot;:&quot;volumeUp&quot;,&quot;label&quot;:{&quot;html&quot;:&quot;&lt;small&gt;\\u00c9couter&lt;\\\/small&gt;&quot;},&quot;data&quot;:{&quot;ipa&quot;:&quot;&quot;,&quot;text&quot;:&quot;&quot;,&quot;lang&quot;:&quot;fr&quot;,&quot;wikibase&quot;:&quot;&quot;,&quot;file&quot;:&quot;Zh-q\\u00ecgong.ogg&quot;},&quot;classes&quot;:[&quot;noexcerpt&quot;,&quot;ext-phonos-PhonosButton&quot;]}\"><small><\/small><small> <\/small><\/span>est une gymnastique traditionnelle chinoise et une pratique de la respiration fond\u00e9e sur la connaissance et la ma\u00eetrise du souffle et qui associe mouvements lents, exercices respiratoires et concentration<\/span><br \/>\n<\/span><\/p>\n<p><strong>________________________________________________________<\/strong><\/p>\n<p>&nbsp;<\/p>\n<hr \/>\n<h2 style=\"text-align: center;\"><strong><span style=\"color: #003300;\"><em>Plaquette de pr\u00e9sentation de nos activit\u00e9s <\/em><\/span><\/strong><br \/>\n<strong><span style=\"color: #003300;\"><em>pour la saison 2025\/2026:<\/em><\/span><\/strong><\/h2>\n<h2><img loading=\"lazy\" decoding=\"async\" class=\"aligncenter size-large wp-image-3878\" src=\"https:\/\/portailsolidarites.fr\/Amicale\/wp-content\/uploads\/2025\/08\/Plaquette-2025-2026-1-1024x725.jpg\" alt=\"\" width=\"640\" height=\"453\" srcset=\"https:\/\/portailsolidarites.fr\/Amicale\/wp-content\/uploads\/2025\/08\/Plaquette-2025-2026-1-1024x725.jpg 1024w, https:\/\/portailsolidarites.fr\/Amicale\/wp-content\/uploads\/2025\/08\/Plaquette-2025-2026-1-300x212.jpg 300w, https:\/\/portailsolidarites.fr\/Amicale\/wp-content\/uploads\/2025\/08\/Plaquette-2025-2026-1-768x544.jpg 768w, https:\/\/portailsolidarites.fr\/Amicale\/wp-content\/uploads\/2025\/08\/Plaquette-2025-2026-1-1536x1087.jpg 1536w, https:\/\/portailsolidarites.fr\/Amicale\/wp-content\/uploads\/2025\/08\/Plaquette-2025-2026-1-2048x1449.jpg 2048w\" sizes=\"auto, (max-width: 640px) 100vw, 640px\" \/><\/h2>\n<p><img loading=\"lazy\" decoding=\"async\" class=\"aligncenter size-large wp-image-3879\" src=\"https:\/\/portailsolidarites.fr\/Amicale\/wp-content\/uploads\/2025\/08\/Plaquette-2025-2026-2-1024x725.jpg\" alt=\"\" width=\"640\" height=\"453\" srcset=\"https:\/\/portailsolidarites.fr\/Amicale\/wp-content\/uploads\/2025\/08\/Plaquette-2025-2026-2-1024x725.jpg 1024w, https:\/\/portailsolidarites.fr\/Amicale\/wp-content\/uploads\/2025\/08\/Plaquette-2025-2026-2-300x212.jpg 300w, https:\/\/portailsolidarites.fr\/Amicale\/wp-content\/uploads\/2025\/08\/Plaquette-2025-2026-2-768x544.jpg 768w, https:\/\/portailsolidarites.fr\/Amicale\/wp-content\/uploads\/2025\/08\/Plaquette-2025-2026-2-1536x1087.jpg 1536w, https:\/\/portailsolidarites.fr\/Amicale\/wp-content\/uploads\/2025\/08\/Plaquette-2025-2026-2-2048x1449.jpg 2048w\" sizes=\"auto, (max-width: 640px) 100vw, 640px\" \/><\/p>\n<h2><\/h2>\n<h2><em><span style=\"color: #800000;\"><span style=\"color: #993300;\"><strong>Cotisations annuelles :<\/strong><\/span><br \/>\n<\/span><\/em><\/h2>\n<p><img loading=\"lazy\" decoding=\"async\" class=\"aligncenter size-full wp-image-3880\" src=\"https:\/\/portailsolidarites.fr\/Amicale\/wp-content\/uploads\/2025\/08\/Nos-activites-Prix.jpg\" alt=\"\" width=\"639\" height=\"846\" srcset=\"https:\/\/portailsolidarites.fr\/Amicale\/wp-content\/uploads\/2025\/08\/Nos-activites-Prix.jpg 639w, https:\/\/portailsolidarites.fr\/Amicale\/wp-content\/uploads\/2025\/08\/Nos-activites-Prix-227x300.jpg 227w\" sizes=\"auto, (max-width: 639px) 100vw, 639px\" \/><\/p>\n<p>_____________________________________________________________<\/p>\n<p><span style=\"color: #008000;\"><a href=\"http:\/\/portailsolidarites.fr\/amicalelaiquegrigny\/files\/2012\/03\/ligne-color\u00e9e.gif\"><img loading=\"lazy\" decoding=\"async\" class=\"aligncenter wp-image-3094\" src=\"http:\/\/portailsolidarites.fr\/amicalelaiquegrigny\/files\/2012\/03\/ligne-color\u00e9e.gif\" alt=\"\" width=\"600\" height=\"7\" \/><\/a><\/span><a href=\"http:\/\/portailsolidarites.fr\/amicalelaiquegrigny\/files\/2012\/03\/DSC_8883-e1492979168346.jpg\"> <img loading=\"lazy\" decoding=\"async\" class=\"wp-image-2622 alignright\" src=\"http:\/\/portailsolidarites.fr\/amicalelaiquegrigny\/files\/2012\/03\/DSC_8883-e1492979168346-300x204.jpg\" alt=\"\" width=\"180\" height=\"122\" \/><\/a>Qui sommes-nous ?<\/p>\n<h4 style=\"text-align: left;\">\u00a0L&rsquo;Amicale La\u00efque de Grigny, association \u00e0 but non lucratif selon la loi de 1901, a \u00e9t\u00e9 cr\u00e9\u00e9e en 1920. Elle est agr\u00e9\u00e9e par le minist\u00e8re des sports jeunesse et est affili\u00e9e \u00e0 l&rsquo;Union f\u00e9d\u00e9rale des oeuvres la\u00efques de l&rsquo;\u00e9ducation physique du Rh\u00f4ne (<a href=\"http:\/\/www.ufolep-69.com\/\">UFOLEP<\/a>) et \u00e0 la F\u00e9d\u00e9ration des oeuvres la\u00efques (<a href=\"http:\/\/fol69.org\">FOL<\/a>).<\/h4>\n<h4>Elle fait partie des associations fondatrices du <a href=\"http:\/\/portailsolidarites.fr\/\">\u00ab\u00a0Portail des Solidarit\u00e9s\u00a0\u00bb\u00a0.(voir le site)<\/a><\/h4>\n<h4>Par ses nombreuses manifestations, l&rsquo;ALG participe activement au rayonnement de la <a href=\"http:\/\/www.mairie-grigny69.fr\/\">commune de Grigny-sur-Rh\u00f4ne <\/a>\u00a0gr\u00e2ce \u00e0 une \u00e9quipe de b\u00e9n\u00e9voles que vous pourrez rejoindre \u00e0 tout moment.<\/h4>\n<h3><em><strong>Nos principales manifestations r\u00e9guli\u00e8res:<\/strong><\/em><\/h3>\n<h4>LOTOS,<br \/>\nEXPOSITION BOURSE AUX MINERAUX,<br \/>\nEXPOSITION D&rsquo;ARTS PLASTIQUES ET ENCADREMENTS D&rsquo;ART<br \/>\nCONCOURS DE COINCHE<\/h4>\n<h3><a href=\"https:\/\/portailsolidarites.fr\/Amicale\/prochaines-manifestations-2\/\">Prochaines manifestations: cliquer ici<\/a><\/h3>\n<p>____________________________________________<\/p>\n<h4>Notre association vous propose de nombreuses activit\u00e9s sportives, culturelles ou de loisirs, <strong>dans un esprit de <a href=\"http:\/\/portailsolidarites.fr\/amicalelaiquegrigny\/laicite\/\">la\u00efcit\u00e9<\/a>, de <a href=\"http:\/\/portailsolidarites.fr\/amicalelaiquegrigny\/solidarite\/\">solidarit\u00e9<\/a> et d&rsquo;amiti\u00e9.<\/strong><\/h4>\n<h4>\u00a0Les activit\u00e9s se pratiquent hors vacances scolaires (des exceptions pour quelques activit\u00e9s).<br \/>\nP<em>our certaines, un certificat m\u00e9dical est obligatoire. Il sera demand\u00e9 suivant les textes de lois en vigueur .<\/em><\/h4>\n<p><em>Vous trouverez <strong>la liste des activit\u00e9s<\/strong> propos\u00e9es en\u00a0pla\u00e7ant la souris\u00a0sur \u00ab\u00a0Activit\u00e9s\u00a0\u00bb dans le menu horizontal en haut de page.<\/em><br \/>\n<em>&#8211; Cliquer sur l&rsquo;activit\u00e9 qui vous int\u00e9resse pour acc\u00e9der \u00e0\u00a0toutes les informations la concernant.<\/em><\/p>\n","protected":false},"excerpt":{"rendered":"<p>Bienvenue \u00e0 l&rsquo;Amicale La\u00efque de Grigny ______________________________________________ &nbsp; ____________________________________________________________ ____________________________________________________________ C&rsquo;est avec une grande tristesse et une grande \u00e9motion que nous avons appris le d\u00e9c\u00e8s de Jacky GATEAU (le 20 octobre 2025), ancien pr\u00e9sident de notre association qu&rsquo;il avait g\u00e9r\u00e9e &hellip; <a href=\"https:\/\/portailsolidarites.fr\/Amicale\/\">Continuer la lecture <span class=\"meta-nav\">&rarr;<\/span><\/a><\/p>\n","protected":false},"author":2,"featured_media":0,"parent":0,"menu_order":0,"comment_status":"open","ping_status":"closed","template":"","meta":{"_uag_custom_page_level_css":"","footnotes":""},"class_list":["post-233","page","type-page","status-publish","hentry"],"uagb_featured_image_src":{"full":false,"thumbnail":false,"medium":false,"medium_large":false,"large":false,"1536x1536":false,"2048x2048":false,"post-thumbnail":false},"uagb_author_info":{"display_name":"amicalelaiquegrigny","author_link":"https:\/\/portailsolidarites.fr\/Amicale\/author\/amicalelaiquegrigny\/"},"uagb_comment_info":18,"uagb_excerpt":"Bienvenue \u00e0 l&rsquo;Amicale La\u00efque de Grigny ______________________________________________ &nbsp; ____________________________________________________________ ____________________________________________________________ C&rsquo;est avec une grande tristesse et une grande \u00e9motion que nous avons appris le d\u00e9c\u00e8s de Jacky GATEAU (le 20 octobre 2025), ancien pr\u00e9sident de notre association qu&rsquo;il avait g\u00e9r\u00e9e &hellip; Continuer la lecture &rarr;","_links":{"self":[{"href":"https:\/\/portailsolidarites.fr\/Amicale\/wp-json\/wp\/v2\/pages\/233","targetHints":{"allow":["GET"]}}],"collection":[{"href":"https:\/\/portailsolidarites.fr\/Amicale\/wp-json\/wp\/v2\/pages"}],"about":[{"href":"https:\/\/portailsolidarites.fr\/Amicale\/wp-json\/wp\/v2\/types\/page"}],"author":[{"embeddable":true,"href":"https:\/\/portailsolidarites.fr\/Amicale\/wp-json\/wp\/v2\/users\/2"}],"replies":[{"embeddable":true,"href":"https:\/\/portailsolidarites.fr\/Amicale\/wp-json\/wp\/v2\/comments?post=233"}],"version-history":[{"count":53,"href":"https:\/\/portailsolidarites.fr\/Amicale\/wp-json\/wp\/v2\/pages\/233\/revisions"}],"predecessor-version":[{"id":4005,"href":"https:\/\/portailsolidarites.fr\/Amicale\/wp-json\/wp\/v2\/pages\/233\/revisions\/4005"}],"wp:attachment":[{"href":"https:\/\/portailsolidarites.fr\/Amicale\/wp-json\/wp\/v2\/media?parent=233"}],"curies":[{"name":"wp","href":"https:\/\/api.w.org\/{rel}","templated":true}]}}