{"id":463,"date":"2012-03-20T10:34:20","date_gmt":"2012-03-20T09:34:20","guid":{"rendered":"http:\/\/portailsolidarites.fr\/amicalelaiquegrigny\/?page_id=463"},"modified":"2012-03-20T10:34:20","modified_gmt":"2012-03-20T09:34:20","slug":"activites","status":"publish","type":"page","link":"https:\/\/portailsolidarites.fr\/Amicale\/activites\/","title":{"rendered":"Activit\u00e9s"},"content":{"rendered":"<h4>\u00a0Notre association vous propose de nombreuses activit\u00e9s sportives, culturelles ou de loisirs, dans un esprit de la\u00efcit\u00e9, de solidarit\u00e9 et d&rsquo;amiti\u00e9.<\/h4>\n<h4>\u00a0Les activit\u00e9s se pratiquent hors vacances scolaires (des exceptions pour quelques activit\u00e9s).\u00a0P<em>our certaines activit\u00e9s, un certificat m\u00e9dical\u00a0est obligatoire. Il sera demand\u00e9 suivant les textes de lois en vigueur .<\/em><\/h4>\n","protected":false},"excerpt":{"rendered":"<p>\u00a0Notre association vous propose de nombreuses activit\u00e9s sportives, culturelles ou de loisirs, dans un esprit de la\u00efcit\u00e9, de solidarit\u00e9 et d&rsquo;amiti\u00e9. \u00a0Les activit\u00e9s se pratiquent hors vacances scolaires (des exceptions pour quelques activit\u00e9s).\u00a0Pour certaines activit\u00e9s, un certificat m\u00e9dical\u00a0est obligatoire. Il &hellip; <a href=\"https:\/\/portailsolidarites.fr\/Amicale\/activites\/\">Continuer la lecture <span class=\"meta-nav\">&rarr;<\/span><\/a><\/p>\n","protected":false},"author":2,"featured_media":0,"parent":0,"menu_order":1,"comment_status":"open","ping_status":"open","template":"","meta":{"_uag_custom_page_level_css":"","footnotes":""},"class_list":["post-463","page","type-page","status-publish","hentry"],"uagb_featured_image_src":{"full":false,"thumbnail":false,"medium":false,"medium_large":false,"large":false,"1536x1536":false,"2048x2048":false,"post-thumbnail":false},"uagb_author_info":{"display_name":"amicalelaiquegrigny","author_link":"https:\/\/portailsolidarites.fr\/Amicale\/author\/amicalelaiquegrigny\/"},"uagb_comment_info":0,"uagb_excerpt":"\u00a0Notre association vous propose de nombreuses activit\u00e9s sportives, culturelles ou de loisirs, dans un esprit de la\u00efcit\u00e9, de solidarit\u00e9 et d&rsquo;amiti\u00e9. \u00a0Les activit\u00e9s se pratiquent hors vacances scolaires (des exceptions pour quelques activit\u00e9s).\u00a0Pour certaines activit\u00e9s, un certificat m\u00e9dical\u00a0est obligatoire. Il &hellip; Continuer la lecture &rarr;","_links":{"self":[{"href":"https:\/\/portailsolidarites.fr\/Amicale\/wp-json\/wp\/v2\/pages\/463","targetHints":{"allow":["GET"]}}],"collection":[{"href":"https:\/\/portailsolidarites.fr\/Amicale\/wp-json\/wp\/v2\/pages"}],"about":[{"href":"https:\/\/portailsolidarites.fr\/Amicale\/wp-json\/wp\/v2\/types\/page"}],"author":[{"embeddable":true,"href":"https:\/\/portailsolidarites.fr\/Amicale\/wp-json\/wp\/v2\/users\/2"}],"replies":[{"embeddable":true,"href":"https:\/\/portailsolidarites.fr\/Amicale\/wp-json\/wp\/v2\/comments?post=463"}],"version-history":[{"count":0,"href":"https:\/\/portailsolidarites.fr\/Amicale\/wp-json\/wp\/v2\/pages\/463\/revisions"}],"wp:attachment":[{"href":"https:\/\/portailsolidarites.fr\/Amicale\/wp-json\/wp\/v2\/media?parent=463"}],"curies":[{"name":"wp","href":"https:\/\/api.w.org\/{rel}","templated":true}]}}