{"id":514,"date":"2012-03-21T22:47:26","date_gmt":"2012-03-21T21:47:26","guid":{"rendered":"http:\/\/portailsolidarites.fr\/amicalelaiquegrigny\/?page_id=514"},"modified":"2012-03-21T22:47:26","modified_gmt":"2012-03-21T21:47:26","slug":"quelques-photos","status":"publish","type":"page","link":"https:\/\/portailsolidarites.fr\/Amicale\/photos-et-videos\/quelques-photos\/","title":{"rendered":"Quelques photos"},"content":{"rendered":"<h2 style=\"text-align: center\"><span style=\"text-decoration: underline;color: #008000\">Des moments de convivialit\u00e9:<\/span><\/h2>\n<div id=\"attachment_1525\" style=\"width: 650px\" class=\"wp-caption aligncenter\"><a href=\"http:\/\/portailsolidarites.fr\/amicalelaiquegrigny\/files\/2013\/01\/Voeux-du-pr\u00e9sident-12.01.2013-035.jpg\"><img loading=\"lazy\" decoding=\"async\" aria-describedby=\"caption-attachment-1525\" class=\"size-full wp-image-1525\" src=\"http:\/\/portailsolidarites.fr\/amicalelaiquegrigny\/files\/2013\/01\/Voeux-du-pr\u00e9sident-12.01.2013-035.jpg\" alt=\"\" width=\"640\" height=\"425\" \/><\/a><p id=\"caption-attachment-1525\" class=\"wp-caption-text\">Un ap\u00e9ritif \u00ab\u00a0dinatoire\u00a0\u00bb tr\u00e8s appr\u00e9ci\u00e9<\/p><\/div>\n<p>&nbsp;<\/p>\n<div id=\"attachment_1495\" style=\"width: 650px\" class=\"wp-caption aligncenter\"><a href=\"http:\/\/portailsolidarites.fr\/amicalelaiquegrigny\/files\/2013\/01\/100_4200-retouch\u00e9.jpg\"><img loading=\"lazy\" decoding=\"async\" aria-describedby=\"caption-attachment-1495\" class=\"size-full wp-image-1495\" src=\"http:\/\/portailsolidarites.fr\/amicalelaiquegrigny\/files\/2013\/01\/100_4200-retouch\u00e9.jpg\" alt=\"\" width=\"640\" height=\"427\" \/><\/a><p id=\"caption-attachment-1495\" class=\"wp-caption-text\">Dansons le madison !<\/p><\/div>\n<p>&nbsp;<\/p>\n<p><a href=\"http:\/\/portailsolidarites.fr\/amicalelaiquegrigny\/files\/2012\/12\/IMG_4425.jpg\"><img loading=\"lazy\" decoding=\"async\" class=\"aligncenter size-full wp-image-1465\" src=\"http:\/\/portailsolidarites.fr\/amicalelaiquegrigny\/files\/2012\/12\/IMG_4425.jpg\" alt=\"\" width=\"640\" height=\"331\" \/><\/a><\/p>\n<p>&nbsp;<\/p>\n<div id=\"attachment_1453\" style=\"width: 650px\" class=\"wp-caption aligncenter\"><a href=\"http:\/\/portailsolidarites.fr\/amicalelaiquegrigny\/files\/2012\/12\/201_9878.jpg\"><img loading=\"lazy\" decoding=\"async\" aria-describedby=\"caption-attachment-1453\" class=\"size-full wp-image-1453\" src=\"http:\/\/portailsolidarites.fr\/amicalelaiquegrigny\/files\/2012\/12\/201_9878.jpg\" alt=\"\" width=\"640\" height=\"480\" \/><\/a><p id=\"caption-attachment-1453\" class=\"wp-caption-text\">Au cross des Myriades &#8211; novembre 2012<\/p><\/div>\n<p><a href=\"http:\/\/portailsolidarites.fr\/amicalelaiquegrigny\/files\/2012\/06\/IMG_4171.jpg\"><img loading=\"lazy\" decoding=\"async\" class=\"aligncenter size-full wp-image-1275\" src=\"http:\/\/portailsolidarites.fr\/amicalelaiquegrigny\/files\/2012\/06\/IMG_4171.jpg\" alt=\"\" width=\"480\" height=\"360\" \/><\/a><\/p>\n<p>&nbsp;<\/p>\n<div id=\"attachment_1281\" style=\"width: 650px\" class=\"wp-caption aligncenter\"><a href=\"http:\/\/portailsolidarites.fr\/amicalelaiquegrigny\/files\/2012\/07\/amicale-country-grigny-17.06.2012-004.jpg\"><img loading=\"lazy\" decoding=\"async\" aria-describedby=\"caption-attachment-1281\" class=\"size-full wp-image-1281\" src=\"http:\/\/portailsolidarites.fr\/amicalelaiquegrigny\/files\/2012\/07\/amicale-country-grigny-17.06.2012-004.jpg\" alt=\"\" width=\"640\" height=\"425\" \/><\/a><p id=\"caption-attachment-1281\" class=\"wp-caption-text\">La section Country<\/p><\/div>\n<p>&nbsp;<\/p>\n<p><a href=\"http:\/\/portailsolidarites.fr\/amicalelaiquegrigny\/files\/2012\/03\/Convivialit\u00e9-4.jpg\"><img loading=\"lazy\" decoding=\"async\" class=\"aligncenter size-full wp-image-553\" src=\"http:\/\/portailsolidarites.fr\/amicalelaiquegrigny\/files\/2012\/03\/Convivialit\u00e9-4.jpg\" alt=\"\" width=\"960\" height=\"720\" \/><\/a><\/p>\n<p>&nbsp;<\/p>\n<p><a href=\"http:\/\/portailsolidarites.fr\/amicalelaiquegrigny\/files\/2012\/03\/Convivialit\u00e9-3.jpg\"><img loading=\"lazy\" decoding=\"async\" class=\"aligncenter size-full wp-image-554\" src=\"http:\/\/portailsolidarites.fr\/amicalelaiquegrigny\/files\/2012\/03\/Convivialit\u00e9-3.jpg\" alt=\"\" width=\"960\" height=\"720\" \/><\/a><\/p>\n<p>&nbsp;<\/p>\n<p><a href=\"http:\/\/portailsolidarites.fr\/amicalelaiquegrigny\/files\/2012\/03\/Convivialit\u00e9-2.jpg\"><img loading=\"lazy\" decoding=\"async\" class=\"aligncenter size-full wp-image-555\" src=\"http:\/\/portailsolidarites.fr\/amicalelaiquegrigny\/files\/2012\/03\/Convivialit\u00e9-2.jpg\" alt=\"\" width=\"960\" height=\"720\" \/><\/a><\/p>\n<p>&nbsp;<\/p>\n<div id=\"attachment_1515\" style=\"width: 650px\" class=\"wp-caption aligncenter\"><a href=\"http:\/\/portailsolidarites.fr\/amicalelaiquegrigny\/files\/2012\/03\/IMG_4365.jpg\"><img loading=\"lazy\" decoding=\"async\" aria-describedby=\"caption-attachment-1515\" class=\"size-full wp-image-1515\" src=\"http:\/\/portailsolidarites.fr\/amicalelaiquegrigny\/files\/2012\/03\/IMG_4365.jpg\" alt=\"\" width=\"640\" height=\"480\" \/><\/a><p id=\"caption-attachment-1515\" class=\"wp-caption-text\">Assembl\u00e9e g\u00e9n\u00e9rale du 6 octobre 2012<\/p><\/div>\n<p><a href=\"http:\/\/portailsolidarites.fr\/amicalelaiquegrigny\/files\/2012\/03\/Convivialit\u00e9-1.jpg\"><img loading=\"lazy\" decoding=\"async\" src=\"http:\/\/portailsolidarites.fr\/amicalelaiquegrigny\/files\/2012\/03\/Convivialit\u00e9-1.jpg\" alt=\"\" width=\"960\" height=\"720\" \/><\/a><\/p>\n","protected":false},"excerpt":{"rendered":"<p>Des moments de convivialit\u00e9: &nbsp; &nbsp; &nbsp; &nbsp; &nbsp; &nbsp; &nbsp; &nbsp;<\/p>\n","protected":false},"author":2,"featured_media":0,"parent":1850,"menu_order":1,"comment_status":"open","ping_status":"open","template":"","meta":{"_uag_custom_page_level_css":"","footnotes":""},"class_list":["post-514","page","type-page","status-publish","hentry"],"uagb_featured_image_src":{"full":false,"thumbnail":false,"medium":false,"medium_large":false,"large":false,"1536x1536":false,"2048x2048":false,"post-thumbnail":false},"uagb_author_info":{"display_name":"amicalelaiquegrigny","author_link":"https:\/\/portailsolidarites.fr\/Amicale\/author\/amicalelaiquegrigny\/"},"uagb_comment_info":0,"uagb_excerpt":"Des moments de convivialit\u00e9: &nbsp; &nbsp; &nbsp; &nbsp; &nbsp; &nbsp; &nbsp; &nbsp;","_links":{"self":[{"href":"https:\/\/portailsolidarites.fr\/Amicale\/wp-json\/wp\/v2\/pages\/514","targetHints":{"allow":["GET"]}}],"collection":[{"href":"https:\/\/portailsolidarites.fr\/Amicale\/wp-json\/wp\/v2\/pages"}],"about":[{"href":"https:\/\/portailsolidarites.fr\/Amicale\/wp-json\/wp\/v2\/types\/page"}],"author":[{"embeddable":true,"href":"https:\/\/portailsolidarites.fr\/Amicale\/wp-json\/wp\/v2\/users\/2"}],"replies":[{"embeddable":true,"href":"https:\/\/portailsolidarites.fr\/Amicale\/wp-json\/wp\/v2\/comments?post=514"}],"version-history":[{"count":0,"href":"https:\/\/portailsolidarites.fr\/Amicale\/wp-json\/wp\/v2\/pages\/514\/revisions"}],"up":[{"embeddable":true,"href":"https:\/\/portailsolidarites.fr\/Amicale\/wp-json\/wp\/v2\/pages\/1850"}],"wp:attachment":[{"href":"https:\/\/portailsolidarites.fr\/Amicale\/wp-json\/wp\/v2\/media?parent=514"}],"curies":[{"name":"wp","href":"https:\/\/api.w.org\/{rel}","templated":true}]}}