{"id":621,"date":"2012-03-23T15:11:29","date_gmt":"2012-03-23T14:11:29","guid":{"rendered":"http:\/\/portailsolidarites.fr\/amicalelaiquegrigny\/?page_id=621"},"modified":"2012-03-23T15:11:29","modified_gmt":"2012-03-23T14:11:29","slug":"jogging","status":"publish","type":"page","link":"https:\/\/portailsolidarites.fr\/Amicale\/activites\/jogging\/","title":{"rendered":"Jogging"},"content":{"rendered":"<h3><em><span style=\"color: #339966;\">Le plaisir de courir ensemble<\/span> \u00a0 \u00a0 \u00a0 \u00a0 \u00a0 \u00a0 \u00a0 \u00a0 \u00a0 \u00a0 \u00a0 \u00a0 \u00a0 \u00a0 \u00a0 \u00a0 \u00a0 \u00a0 \u00a0\u00a0<\/em><\/h3>\n<p><span style=\"text-decoration: underline;\"><a href=\"http:\/\/portailsolidarites.fr\/amicalelaiquegrigny\/files\/2012\/03\/logo-jogging.jpg\"><img loading=\"lazy\" decoding=\"async\" class=\"wp-image-2734 alignright\" src=\"http:\/\/portailsolidarites.fr\/amicalelaiquegrigny\/files\/2012\/03\/logo-jogging.jpg\" alt=\"logo jogging\" width=\"179\" height=\"163\" \/><strong>La section Jogging a cess\u00e9 son activit\u00e9 en 2019<\/strong><\/a><\/p>\n<p><\/span><\/p>\n<p>&nbsp;<\/p>\n<p>______________________________________________________________<\/p>\n<p><span style=\"color: #000000;\"><em><span style=\"font-size: large;\">&#8211;<strong><a href=\"http:\/\/portailsolidarites.fr\/amicalelaiquegrigny\/category\/joggijg\/\">\u00a0Voir les articles concernant la section Jogging<\/a><\/strong><\/span><\/em><\/span><\/p>\n<p>____________________________________________________________<\/p>\n<p>La section JOGGING bien repr\u00e9sent\u00e9e au semi-marathon de Grigny du 16 octobre 2011<\/p>\n<p><a href=\"http:\/\/portailsolidarites.fr\/amicalelaiquegrigny\/files\/2012\/03\/Les-9-de-lALG-recadr\u00e9.jpg\"><img loading=\"lazy\" decoding=\"async\" class=\"alignnone size-full wp-image-1141\" src=\"http:\/\/portailsolidarites.fr\/amicalelaiquegrigny\/files\/2012\/03\/Les-9-de-lALG-recadr\u00e9.jpg\" alt=\"\" width=\"480\" height=\"347\" \/><\/a><\/p>\n<p><a href=\"http:\/\/www.vive-fr.org\/node\/538\">Voir la vid\u00e9o du semi-marathon du 16 octobre 2011 <\/a>(r\u00e9alis\u00e9e par ViV\u00e9 pour l&rsquo;OMS de Grigny)<\/p>\n<p>________________________________________________________________<\/p>\n<p>La section Jogging au semi-marathon de Grigny du 18 octobre 2009<\/p>\n<p><a href=\"http:\/\/portailsolidarites.fr\/amicalelaiquegrigny\/files\/2012\/03\/Groupe-SM-Grigny-titr\u00e9-JPEG.jpg\"><img loading=\"lazy\" decoding=\"async\" src=\"http:\/\/portailsolidarites.fr\/amicalelaiquegrigny\/files\/2012\/03\/Groupe-SM-Grigny-titr\u00e9-JPEG.jpg\" alt=\"\" width=\"640\" height=\"453\" \/><\/a><\/p>\n<p>______________________________________________________________<\/p>\n<p>Article du Progr\u00e8s du 29 d\u00e9cembre 2011<\/p>\n<p><a href=\"http:\/\/portailsolidarites.fr\/amicalelaiquegrigny\/files\/2012\/03\/Article-Le-Progr\u00e8s-ALG-Jogging-29-12-012.jpg\"><img loading=\"lazy\" decoding=\"async\" src=\"http:\/\/portailsolidarites.fr\/amicalelaiquegrigny\/files\/2012\/03\/Article-Le-Progr\u00e8s-ALG-Jogging-29-12-012.jpg\" alt=\"\" width=\"480\" height=\"403\" \/><\/a><\/p>\n<p>_______________________________________________________________<\/p>\n<p>Article du Progr\u00e8s du 19 mars 2012<\/p>\n<p><a href=\"http:\/\/portailsolidarites.fr\/amicalelaiquegrigny\/files\/2012\/03\/Article-Le-Progr\u00e8s-19-mars-2012.jpg\"><img loading=\"lazy\" decoding=\"async\" src=\"http:\/\/portailsolidarites.fr\/amicalelaiquegrigny\/files\/2012\/03\/Article-Le-Progr\u00e8s-19-mars-2012.jpg\" alt=\"\" width=\"260\" height=\"480\" \/><\/a><\/p>\n<p>___________________________________________________________<\/p>\n<h3><strong><a href=\"http:\/\/portailsolidarites.fr\/amicalelaiquegrigny\/activites\/jogging\/\">Retour Haut de page<\/a><\/strong><\/h3>\n","protected":false},"excerpt":{"rendered":"<p>Le plaisir de courir ensemble \u00a0 \u00a0 \u00a0 \u00a0 \u00a0 \u00a0 \u00a0 \u00a0 \u00a0 \u00a0 \u00a0 \u00a0 \u00a0 \u00a0 \u00a0 \u00a0 \u00a0 \u00a0 \u00a0\u00a0 La section Jogging a cess\u00e9 son activit\u00e9 en 2019 &nbsp; ______________________________________________________________ &#8211;\u00a0Voir les articles concernant la &hellip; <a href=\"https:\/\/portailsolidarites.fr\/Amicale\/activites\/jogging\/\">Continuer la lecture <span class=\"meta-nav\">&rarr;<\/span><\/a><\/p>\n","protected":false},"author":2,"featured_media":0,"parent":463,"menu_order":10,"comment_status":"open","ping_status":"open","template":"","meta":{"_uag_custom_page_level_css":"","footnotes":""},"class_list":["post-621","page","type-page","status-publish","hentry"],"uagb_featured_image_src":{"full":false,"thumbnail":false,"medium":false,"medium_large":false,"large":false,"1536x1536":false,"2048x2048":false,"post-thumbnail":false},"uagb_author_info":{"display_name":"amicalelaiquegrigny","author_link":"https:\/\/portailsolidarites.fr\/Amicale\/author\/amicalelaiquegrigny\/"},"uagb_comment_info":0,"uagb_excerpt":"Le plaisir de courir ensemble \u00a0 \u00a0 \u00a0 \u00a0 \u00a0 \u00a0 \u00a0 \u00a0 \u00a0 \u00a0 \u00a0 \u00a0 \u00a0 \u00a0 \u00a0 \u00a0 \u00a0 \u00a0 \u00a0\u00a0 La section Jogging a cess\u00e9 son activit\u00e9 en 2019 &nbsp; ______________________________________________________________ &#8211;\u00a0Voir les articles concernant la &hellip; Continuer la lecture &rarr;","_links":{"self":[{"href":"https:\/\/portailsolidarites.fr\/Amicale\/wp-json\/wp\/v2\/pages\/621","targetHints":{"allow":["GET"]}}],"collection":[{"href":"https:\/\/portailsolidarites.fr\/Amicale\/wp-json\/wp\/v2\/pages"}],"about":[{"href":"https:\/\/portailsolidarites.fr\/Amicale\/wp-json\/wp\/v2\/types\/page"}],"author":[{"embeddable":true,"href":"https:\/\/portailsolidarites.fr\/Amicale\/wp-json\/wp\/v2\/users\/2"}],"replies":[{"embeddable":true,"href":"https:\/\/portailsolidarites.fr\/Amicale\/wp-json\/wp\/v2\/comments?post=621"}],"version-history":[{"count":0,"href":"https:\/\/portailsolidarites.fr\/Amicale\/wp-json\/wp\/v2\/pages\/621\/revisions"}],"up":[{"embeddable":true,"href":"https:\/\/portailsolidarites.fr\/Amicale\/wp-json\/wp\/v2\/pages\/463"}],"wp:attachment":[{"href":"https:\/\/portailsolidarites.fr\/Amicale\/wp-json\/wp\/v2\/media?parent=621"}],"curies":[{"name":"wp","href":"https:\/\/api.w.org\/{rel}","templated":true}]}}