{"id":633,"date":"2012-03-23T15:24:20","date_gmt":"2012-03-23T14:24:20","guid":{"rendered":"http:\/\/portailsolidarites.fr\/amicalelaiquegrigny\/?page_id=633"},"modified":"2024-09-02T11:43:44","modified_gmt":"2024-09-02T09:43:44","slug":"jeux-de-carte-et-de-societe","status":"publish","type":"page","link":"https:\/\/portailsolidarites.fr\/Amicale\/activites\/jeux-de-carte-et-de-societe\/","title":{"rendered":"Jeux de carte et de soci\u00e9t\u00e9"},"content":{"rendered":"<h3 style=\"text-align: center;\"><img loading=\"lazy\" decoding=\"async\" class=\"aligncenter size-medium wp-image-3823\" src=\"https:\/\/portailsolidarites.fr\/Amicale\/wp-content\/uploads\/2024\/09\/jeux-de-cartes-300x241.jpg\" alt=\"\" width=\"300\" height=\"241\" srcset=\"https:\/\/portailsolidarites.fr\/Amicale\/wp-content\/uploads\/2024\/09\/jeux-de-cartes-300x241.jpg 300w, https:\/\/portailsolidarites.fr\/Amicale\/wp-content\/uploads\/2024\/09\/jeux-de-cartes.bmp 323w\" sizes=\"auto, (max-width: 300px) 100vw, 300px\" \/><span style=\"color: #008000;\">Jeudi et samedi de 14h \u00e0 17h au Centre Chervet<\/span><br \/>\n\u2022 <span style=\"text-decoration: underline;\">\u00a0Jacqueline CHAZOT\u00a0:<\/span><br \/>\n<span style=\"text-decoration: underline;\"> 04 78 73 27 29<\/span><\/h3>\n<p style=\"text-align: center;\"><span style=\"color: #ff0000;\">Cotisation annuelle: 45 \u20ac<\/span><\/p>\n<p style=\"text-align: center;\"><a href=\"http:\/\/portailsolidarites.fr\/amicalelaiquegrigny\/files\/2016\/02\/i-love-la-coinche-131185270141__n0shyc.png\" rel=\"attachment wp-att-2797\"><img loading=\"lazy\" decoding=\"async\" class=\"wp-image-2797 aligncenter\" src=\"http:\/\/portailsolidarites.fr\/amicalelaiquegrigny\/files\/2016\/02\/i-love-la-coinche-131185270141__n0shyc.png\" alt=\"i-love-la-coinche-131185270141__n0shyc\" width=\"158\" height=\"135\" \/><\/a><\/p>\n<p><a href=\"http:\/\/portailsolidarites.fr\/amicalelaiquegrigny\/files\/2011\/11\/Cartes-17-mars-2012.jpg\"><img loading=\"lazy\" decoding=\"async\" class=\"aligncenter\" src=\"http:\/\/portailsolidarites.fr\/amicalelaiquegrigny\/files\/2011\/11\/Cartes-17-mars-2012.jpg\" alt=\"\" width=\"480\" height=\"360\" \/><\/a><\/p>\n<p>Les parties de cartes ne sont pas tristes. Et les rires des joueurs r\u00e9sonnent dans la salle.<br \/>\nQuelquefois, cela rappelle la partie de cartes de Marcel Pagnol (si vous ne connaissez pas, vous \u00eates un extra-terrestre ou alors vous \u00eates tr\u00e8s jeune).<br \/>\nLa vid\u00e9o de cette sc\u00e8ne qu&rsquo;on pouvait voir sur Youtube n&rsquo;est, h\u00e9las, plus visible.<\/p>\n<p><img loading=\"lazy\" decoding=\"async\" class=\"aligncenter wp-image-3828\" src=\"https:\/\/portailsolidarites.fr\/Amicale\/wp-content\/uploads\/2024\/09\/image-Partie-de-cartes-de-Pagnol.jpg\" alt=\"\" width=\"350\" height=\"350\" srcset=\"https:\/\/portailsolidarites.fr\/Amicale\/wp-content\/uploads\/2024\/09\/image-Partie-de-cartes-de-Pagnol.jpg 225w, https:\/\/portailsolidarites.fr\/Amicale\/wp-content\/uploads\/2024\/09\/image-Partie-de-cartes-de-Pagnol-150x150.jpg 150w\" sizes=\"auto, (max-width: 350px) 100vw, 350px\" \/><\/p>\n<p style=\"text-align: center;\"><span style=\"color: #0000ff;\"><em><strong><span style=\"font-size: x-large;\">Quelques photos:<\/span><\/strong><\/em><\/span><\/p>\n<div id=\"attachment_1504\" style=\"width: 650px\" class=\"wp-caption alignnone\"><a href=\"http:\/\/portailsolidarites.fr\/amicalelaiquegrigny\/files\/2012\/03\/P1020258.jpg\"><img loading=\"lazy\" decoding=\"async\" aria-describedby=\"caption-attachment-1504\" class=\"size-full wp-image-1504\" src=\"http:\/\/portailsolidarites.fr\/amicalelaiquegrigny\/files\/2012\/03\/P1020258.jpg\" alt=\"\" width=\"640\" height=\"480\" \/><\/a><p id=\"caption-attachment-1504\" class=\"wp-caption-text\">Concours de coinche &#8211; 4 f\u00e9vrier 2012<\/p><\/div>\n<div id=\"attachment_1506\" style=\"width: 650px\" class=\"wp-caption aligncenter\"><a href=\"http:\/\/portailsolidarites.fr\/amicalelaiquegrigny\/files\/2012\/03\/P1020254.jpg\"><img loading=\"lazy\" decoding=\"async\" aria-describedby=\"caption-attachment-1506\" class=\"size-full wp-image-1506\" src=\"http:\/\/portailsolidarites.fr\/amicalelaiquegrigny\/files\/2012\/03\/P1020254.jpg\" alt=\"\" width=\"640\" height=\"480\" \/><\/a><p id=\"caption-attachment-1506\" class=\"wp-caption-text\">Concours de coinche &#8211; 4 f\u00e9vrier 2012<\/p><\/div>\n<p><a href=\"http:\/\/portailsolidarites.fr\/amicalelaiquegrigny\/files\/2012\/03\/IMG_5603.jpg\"><img loading=\"lazy\" decoding=\"async\" class=\"size-full wp-image-1762\" src=\"http:\/\/portailsolidarites.fr\/amicalelaiquegrigny\/files\/2012\/03\/IMG_5603.jpg\" alt=\"juin 2013 \" width=\"640\" height=\"480\" \/><\/a><\/p>\n<p>juin 2013<\/p>\n","protected":false},"excerpt":{"rendered":"<p>Jeudi et samedi de 14h \u00e0 17h au Centre Chervet \u2022 \u00a0Jacqueline CHAZOT\u00a0: 04 78 73 27 29 Cotisation annuelle: 45 \u20ac Les parties de cartes ne sont pas tristes. Et les rires des joueurs r\u00e9sonnent dans la salle. Quelquefois, &hellip; <a href=\"https:\/\/portailsolidarites.fr\/Amicale\/activites\/jeux-de-carte-et-de-societe\/\">Continuer la lecture <span class=\"meta-nav\">&rarr;<\/span><\/a><\/p>\n","protected":false},"author":2,"featured_media":0,"parent":463,"menu_order":11,"comment_status":"open","ping_status":"open","template":"","meta":{"_uag_custom_page_level_css":"","footnotes":""},"class_list":["post-633","page","type-page","status-publish","hentry"],"uagb_featured_image_src":{"full":false,"thumbnail":false,"medium":false,"medium_large":false,"large":false,"1536x1536":false,"2048x2048":false,"post-thumbnail":false},"uagb_author_info":{"display_name":"amicalelaiquegrigny","author_link":"https:\/\/portailsolidarites.fr\/Amicale\/author\/amicalelaiquegrigny\/"},"uagb_comment_info":0,"uagb_excerpt":"Jeudi et samedi de 14h \u00e0 17h au Centre Chervet \u2022 \u00a0Jacqueline CHAZOT\u00a0: 04 78 73 27 29 Cotisation annuelle: 45 \u20ac Les parties de cartes ne sont pas tristes. Et les rires des joueurs r\u00e9sonnent dans la salle. Quelquefois, &hellip; Continuer la lecture &rarr;","_links":{"self":[{"href":"https:\/\/portailsolidarites.fr\/Amicale\/wp-json\/wp\/v2\/pages\/633","targetHints":{"allow":["GET"]}}],"collection":[{"href":"https:\/\/portailsolidarites.fr\/Amicale\/wp-json\/wp\/v2\/pages"}],"about":[{"href":"https:\/\/portailsolidarites.fr\/Amicale\/wp-json\/wp\/v2\/types\/page"}],"author":[{"embeddable":true,"href":"https:\/\/portailsolidarites.fr\/Amicale\/wp-json\/wp\/v2\/users\/2"}],"replies":[{"embeddable":true,"href":"https:\/\/portailsolidarites.fr\/Amicale\/wp-json\/wp\/v2\/comments?post=633"}],"version-history":[{"count":2,"href":"https:\/\/portailsolidarites.fr\/Amicale\/wp-json\/wp\/v2\/pages\/633\/revisions"}],"predecessor-version":[{"id":3843,"href":"https:\/\/portailsolidarites.fr\/Amicale\/wp-json\/wp\/v2\/pages\/633\/revisions\/3843"}],"up":[{"embeddable":true,"href":"https:\/\/portailsolidarites.fr\/Amicale\/wp-json\/wp\/v2\/pages\/463"}],"wp:attachment":[{"href":"https:\/\/portailsolidarites.fr\/Amicale\/wp-json\/wp\/v2\/media?parent=633"}],"curies":[{"name":"wp","href":"https:\/\/api.w.org\/{rel}","templated":true}]}}