{"id":803,"date":"2012-03-31T11:52:21","date_gmt":"2012-03-31T09:52:21","guid":{"rendered":"http:\/\/portailsolidarites.fr\/amicalelaiquegrigny\/?page_id=803"},"modified":"2012-03-31T11:52:21","modified_gmt":"2012-03-31T09:52:21","slug":"articles","status":"publish","type":"page","link":"https:\/\/portailsolidarites.fr\/Amicale\/articles\/","title":{"rendered":"Articles"},"content":{"rendered":"<h4>\u00a0<span style=\"color: #993300\">Les articles sont class\u00e9s par cat\u00e9gories.<\/span><\/h4>\n<h4><span style=\"color: #993300\">Les plus r\u00e9cents apparaissent en haut de la colonne de droite de l&rsquo;\u00e9cran.<\/span><\/h4>\n<h4><span style=\"color: #993300\">Pour voir tous les articles d&rsquo;une cat\u00e9gorie, cliquer sur la cat\u00e9gorie concern\u00e9e dans la zone \u00ab\u00a0Cat\u00e9gories\u00a0\u00bb (partie droite de l&rsquo;\u00e9cran)<\/span><\/h4>\n<h4><span style=\"color: #330099\">\u00a0<\/span><\/h4>\n<p>&nbsp;<\/p>\n","protected":false},"excerpt":{"rendered":"<p>\u00a0Les articles sont class\u00e9s par cat\u00e9gories. Les plus r\u00e9cents apparaissent en haut de la colonne de droite de l&rsquo;\u00e9cran. Pour voir tous les articles d&rsquo;une cat\u00e9gorie, cliquer sur la cat\u00e9gorie concern\u00e9e dans la zone \u00ab\u00a0Cat\u00e9gories\u00a0\u00bb (partie droite de l&rsquo;\u00e9cran) \u00a0 &hellip; <a href=\"https:\/\/portailsolidarites.fr\/Amicale\/articles\/\">Continuer la lecture <span class=\"meta-nav\">&rarr;<\/span><\/a><\/p>\n","protected":false},"author":2,"featured_media":0,"parent":0,"menu_order":3,"comment_status":"open","ping_status":"open","template":"","meta":{"_uag_custom_page_level_css":"","footnotes":""},"class_list":["post-803","page","type-page","status-publish","hentry"],"uagb_featured_image_src":{"full":false,"thumbnail":false,"medium":false,"medium_large":false,"large":false,"1536x1536":false,"2048x2048":false,"post-thumbnail":false},"uagb_author_info":{"display_name":"amicalelaiquegrigny","author_link":"https:\/\/portailsolidarites.fr\/Amicale\/author\/amicalelaiquegrigny\/"},"uagb_comment_info":0,"uagb_excerpt":"\u00a0Les articles sont class\u00e9s par cat\u00e9gories. Les plus r\u00e9cents apparaissent en haut de la colonne de droite de l&rsquo;\u00e9cran. Pour voir tous les articles d&rsquo;une cat\u00e9gorie, cliquer sur la cat\u00e9gorie concern\u00e9e dans la zone \u00ab\u00a0Cat\u00e9gories\u00a0\u00bb (partie droite de l&rsquo;\u00e9cran) \u00a0 &hellip; Continuer la lecture &rarr;","_links":{"self":[{"href":"https:\/\/portailsolidarites.fr\/Amicale\/wp-json\/wp\/v2\/pages\/803","targetHints":{"allow":["GET"]}}],"collection":[{"href":"https:\/\/portailsolidarites.fr\/Amicale\/wp-json\/wp\/v2\/pages"}],"about":[{"href":"https:\/\/portailsolidarites.fr\/Amicale\/wp-json\/wp\/v2\/types\/page"}],"author":[{"embeddable":true,"href":"https:\/\/portailsolidarites.fr\/Amicale\/wp-json\/wp\/v2\/users\/2"}],"replies":[{"embeddable":true,"href":"https:\/\/portailsolidarites.fr\/Amicale\/wp-json\/wp\/v2\/comments?post=803"}],"version-history":[{"count":0,"href":"https:\/\/portailsolidarites.fr\/Amicale\/wp-json\/wp\/v2\/pages\/803\/revisions"}],"wp:attachment":[{"href":"https:\/\/portailsolidarites.fr\/Amicale\/wp-json\/wp\/v2\/media?parent=803"}],"curies":[{"name":"wp","href":"https:\/\/api.w.org\/{rel}","templated":true}]}}