{"id":973,"date":"2012-04-16T15:18:21","date_gmt":"2012-04-16T13:18:21","guid":{"rendered":"http:\/\/portailsolidarites.fr\/amicalelaiquegrigny\/?page_id=973"},"modified":"2012-04-16T15:18:21","modified_gmt":"2012-04-16T13:18:21","slug":"solidarite","status":"publish","type":"page","link":"https:\/\/portailsolidarites.fr\/Amicale\/solidarite\/","title":{"rendered":"Solidarit\u00e9"},"content":{"rendered":"<h3 style=\"text-align: center\"><span style=\"text-decoration: underline;color: #ff0000\">C&rsquo;est une des valeurs fondamentales d\u00e9fendues par l&rsquo;Amicale La\u00efque.<\/span><\/h3>\n<h4>Dans ce cadre, l&rsquo;Amicale la\u00efque de Grigny fait partie des associations fondatrices du \u00ab\u00a0<a href=\"http:\/\/portailsolidarites.fr\/\">Portail des Solidarit\u00e9s<\/a>\u00ab\u00a0, projet informatique d\u00e9velopp\u00e9 techniquement par la\u00a0<a href=\"http:\/\/maison-tic.org\/\">Maison de Grigny\u00a0<\/a>visant:<\/h4>\n<h4>&#8211; \u00e0 d\u00e9velopper des collaborations entre associations partenaires (le Secours Populaire, le Comit\u00e9 de Jumelage GRIGNY-KOUPELA, le comit\u00e9 de Jumelage GIVORS-GAVINANE, le groupe de femmes\u00a0ALMARA, l&rsquo;OMS de Grigny)\u00a0qui disposent chacune d&rsquo;un Blog sur le Portail des solidarit\u00e9s et ont acc\u00e8s \u00e0 un serveur commun, baptis\u00e9 \u00ab\u00a0serveur solidaire\u00a0\u00bb.<\/h4>\n<h4>&#8211; \u00e0 r\u00e9duire la fracture num\u00e9rique entre pays riches et pays dits du Sud, en mettant \u00e0 disposition de ces derniers\u00a0un outil informatique gratuit et performant, via le \u00ab\u00a0serveur solidaire\u00a0\u00bb. En particulier, les africains des comit\u00e9s de Jumelage de KOUPELA (Burkina Fasso) et de GAVINANE (Mali) commencent \u00e0 travailler dans ce serveur \u00e0 partir d&rsquo;ordinateurs peu puissants r\u00e9cup\u00e9r\u00e9s, mais qui leur donnent acc\u00e8s \u00e0 des logiciels\u00a0(bureautique et autres)\u00a0performants et \u00e0 des capacit\u00e9s de stockage s\u00e9curis\u00e9es.<\/h4>\n<h4>Ce serveur solidaire a \u00e9t\u00e9 pr\u00e9sent\u00e9 en particulier au \u00ab\u00a0<a href=\"http:\/\/cdpafrique.org\/projets\/ouaga-2011\/serveur-solidaire\/\">Carrefour des Possibles Afrique<\/a>\u00a0\u00bb \u00e0 Ouagadougou, le 12 d\u00e9cembre 2011 (<a href=\"http:\/\/kikavu.fr\/video\/U163W145G3U3\/Serveur-solidaire-au-Carrefour-des-Possibles-Afrique\">voir la video de la pr\u00e9sentation de ce projet par Mathias BAZIE)<\/a>.<\/h4>\n<p><em><strong>Nota:<\/strong><\/em><br \/>\n<em>Par suite d&rsquo;un grave dysfonctionnement dans la soci\u00e9t\u00e9 qui h\u00e9bergeait l&rsquo;application et du faible int\u00e9r\u00eat port\u00e9 par les africains (en raison de difficult\u00e9s de connexion et coupures fr\u00e9quentes), le serveur solidaire a finalement \u00e9t\u00e9 abandonn\u00e9 en 2015, mais le \u00ab\u00a0<a href=\"http:\/\/portailsolidarites.fr\/\">Portail des solidarit\u00e9s<\/a>\u00a0\u00bb continue de fonctionner avec les associations adh\u00e9rentes.<\/em><\/p>\n","protected":false},"excerpt":{"rendered":"<p>C&rsquo;est une des valeurs fondamentales d\u00e9fendues par l&rsquo;Amicale La\u00efque. Dans ce cadre, l&rsquo;Amicale la\u00efque de Grigny fait partie des associations fondatrices du \u00ab\u00a0Portail des Solidarit\u00e9s\u00ab\u00a0, projet informatique d\u00e9velopp\u00e9 techniquement par la\u00a0Maison de Grigny\u00a0visant: &#8211; \u00e0 d\u00e9velopper des collaborations entre associations &hellip; <a href=\"https:\/\/portailsolidarites.fr\/Amicale\/solidarite\/\">Continuer la lecture <span class=\"meta-nav\">&rarr;<\/span><\/a><\/p>\n","protected":false},"author":2,"featured_media":0,"parent":0,"menu_order":7,"comment_status":"open","ping_status":"open","template":"","meta":{"_uag_custom_page_level_css":"","footnotes":""},"class_list":["post-973","page","type-page","status-publish","hentry"],"uagb_featured_image_src":{"full":false,"thumbnail":false,"medium":false,"medium_large":false,"large":false,"1536x1536":false,"2048x2048":false,"post-thumbnail":false},"uagb_author_info":{"display_name":"amicalelaiquegrigny","author_link":"https:\/\/portailsolidarites.fr\/Amicale\/author\/amicalelaiquegrigny\/"},"uagb_comment_info":0,"uagb_excerpt":"C&rsquo;est une des valeurs fondamentales d\u00e9fendues par l&rsquo;Amicale La\u00efque. Dans ce cadre, l&rsquo;Amicale la\u00efque de Grigny fait partie des associations fondatrices du \u00ab\u00a0Portail des Solidarit\u00e9s\u00ab\u00a0, projet informatique d\u00e9velopp\u00e9 techniquement par la\u00a0Maison de Grigny\u00a0visant: &#8211; \u00e0 d\u00e9velopper des collaborations entre associations &hellip; Continuer la lecture &rarr;","_links":{"self":[{"href":"https:\/\/portailsolidarites.fr\/Amicale\/wp-json\/wp\/v2\/pages\/973","targetHints":{"allow":["GET"]}}],"collection":[{"href":"https:\/\/portailsolidarites.fr\/Amicale\/wp-json\/wp\/v2\/pages"}],"about":[{"href":"https:\/\/portailsolidarites.fr\/Amicale\/wp-json\/wp\/v2\/types\/page"}],"author":[{"embeddable":true,"href":"https:\/\/portailsolidarites.fr\/Amicale\/wp-json\/wp\/v2\/users\/2"}],"replies":[{"embeddable":true,"href":"https:\/\/portailsolidarites.fr\/Amicale\/wp-json\/wp\/v2\/comments?post=973"}],"version-history":[{"count":0,"href":"https:\/\/portailsolidarites.fr\/Amicale\/wp-json\/wp\/v2\/pages\/973\/revisions"}],"wp:attachment":[{"href":"https:\/\/portailsolidarites.fr\/Amicale\/wp-json\/wp\/v2\/media?parent=973"}],"curies":[{"name":"wp","href":"https:\/\/api.w.org\/{rel}","templated":true}]}}