{"id":1966,"date":"2014-07-08T18:29:40","date_gmt":"2014-07-08T16:29:40","guid":{"rendered":"http:\/\/portailsolidarites.fr\/grigny-koupela\/?page_id=1966"},"modified":"2014-07-08T18:29:40","modified_gmt":"2014-07-08T16:29:40","slug":"la-ville-de-koupela","status":"publish","type":"page","link":"https:\/\/portailsolidarites.fr\/Koupela\/connaitre-koupela\/la-ville-de-koupela\/","title":{"rendered":"La ville de Koup\u00e9la"},"content":{"rendered":"<p>&nbsp;<\/p>\n<h2 class=\"entry-title\"><a href=\"http:\/\/portailsolidarites.fr\/grigny-koupela\/2013\/03\/13\/dans-les-rues-de-koupela-2\/\" rel=\"bookmark\">Dans les rues de Koup\u00e9la<\/a><\/h2>\n<div class=\"entry-meta\"><span class=\"meta-prep meta-prep-author\">Publi\u00e9 le<\/span> <a title=\"19 h 35 min\" href=\"http:\/\/portailsolidarites.fr\/grigny-koupela\/2013\/03\/13\/dans-les-rues-de-koupela-2\/\" rel=\"bookmark\"><span class=\"entry-date\">13 mars 2013<\/span><\/a> <span class=\"meta-sep\">par<\/span> <span class=\"author vcard\"><a class=\"url fn n\" title=\"Afficher tous les articles par grigny-koupela\" href=\"http:\/\/portailsolidarites.fr\/grigny-koupela\/author\/grigny-koupela\/\">grigny-koupela<\/a><\/span><\/div>\n<div class=\"entry-summary\">\n<p>Koup\u00e9la, chef lieu de la province du Kouritenga, est situ\u00e9e \u00e0 140 kilom\u00e8tres \u00e0 l\u2019est de Ougadougou, au carrefour de la route qui continue vers le Niger via Fada N\u2019Gourma et celle qui part au sud, en direction de Tenkodogo,<\/p>\n<\/div>\n","protected":false},"excerpt":{"rendered":"<p>&nbsp; Dans les rues de Koup\u00e9la Publi\u00e9 le 13 mars 2013 par grigny-koupela Koup\u00e9la, chef lieu de la province du Kouritenga, est situ\u00e9e \u00e0 140 kilom\u00e8tres \u00e0 l\u2019est de Ougadougou, au carrefour de la route qui continue vers le Niger &hellip; <a href=\"https:\/\/portailsolidarites.fr\/Koupela\/connaitre-koupela\/la-ville-de-koupela\/\">Continuer la lecture <span class=\"meta-nav\">&rarr;<\/span><\/a><\/p>\n","protected":false},"author":2,"featured_media":0,"parent":1954,"menu_order":0,"comment_status":"open","ping_status":"open","template":"","meta":{"_uag_custom_page_level_css":"","footnotes":""},"class_list":["post-1966","page","type-page","status-publish","hentry"],"uagb_featured_image_src":{"full":false,"thumbnail":false,"medium":false,"medium_large":false,"large":false,"1536x1536":false,"2048x2048":false,"post-thumbnail":false},"uagb_author_info":{"display_name":"grigny-koupela","author_link":"https:\/\/portailsolidarites.fr\/Koupela\/author\/grigny-koupela\/"},"uagb_comment_info":0,"uagb_excerpt":"&nbsp; Dans les rues de Koup\u00e9la Publi\u00e9 le 13 mars 2013 par grigny-koupela Koup\u00e9la, chef lieu de la province du Kouritenga, est situ\u00e9e \u00e0 140 kilom\u00e8tres \u00e0 l\u2019est de Ougadougou, au carrefour de la route qui continue vers le Niger &hellip; Continuer la lecture &rarr;","_links":{"self":[{"href":"https:\/\/portailsolidarites.fr\/Koupela\/wp-json\/wp\/v2\/pages\/1966","targetHints":{"allow":["GET"]}}],"collection":[{"href":"https:\/\/portailsolidarites.fr\/Koupela\/wp-json\/wp\/v2\/pages"}],"about":[{"href":"https:\/\/portailsolidarites.fr\/Koupela\/wp-json\/wp\/v2\/types\/page"}],"author":[{"embeddable":true,"href":"https:\/\/portailsolidarites.fr\/Koupela\/wp-json\/wp\/v2\/users\/2"}],"replies":[{"embeddable":true,"href":"https:\/\/portailsolidarites.fr\/Koupela\/wp-json\/wp\/v2\/comments?post=1966"}],"version-history":[{"count":0,"href":"https:\/\/portailsolidarites.fr\/Koupela\/wp-json\/wp\/v2\/pages\/1966\/revisions"}],"up":[{"embeddable":true,"href":"https:\/\/portailsolidarites.fr\/Koupela\/wp-json\/wp\/v2\/pages\/1954"}],"wp:attachment":[{"href":"https:\/\/portailsolidarites.fr\/Koupela\/wp-json\/wp\/v2\/media?parent=1966"}],"curies":[{"name":"wp","href":"https:\/\/api.w.org\/{rel}","templated":true}]}}